{"id":496,"date":"2023-06-16T15:36:36","date_gmt":"2023-06-16T13:36:36","guid":{"rendered":"https:\/\/reconstruccionaccidentestrafico.com\/mapa-web\/"},"modified":"2024-06-11T11:34:05","modified_gmt":"2024-06-11T09:34:05","slug":"mapa-web","status":"publish","type":"page","link":"https:\/\/reconstruccionaccidentestrafico.com\/ca\/mapa-web\/","title":{"rendered":"Mapa web"},"content":{"rendered":"\t\t<div data-elementor-type=\"wp-page\" data-elementor-id=\"496\" class=\"elementor elementor-496 elementor-323\" data-elementor-post-type=\"page\">\n\t\t\t\t\t\t<section class=\"elementor-section elementor-top-section elementor-element elementor-element-98e1df3 elementor-section-boxed elementor-section-height-default elementor-section-height-default\" data-id=\"98e1df3\" data-element_type=\"section\" data-e-type=\"section\">\n\t\t\t\t\t\t<div class=\"elementor-container elementor-column-gap-default\">\n\t\t\t\t\t<div class=\"elementor-column elementor-col-100 elementor-top-column elementor-element elementor-element-f27ba1f\" data-id=\"f27ba1f\" data-element_type=\"column\" data-e-type=\"column\">\n\t\t\t<div class=\"elementor-widget-wrap elementor-element-populated\">\n\t\t\t\t\t\t<div class=\"elementor-element elementor-element-7cf9a13 elementor-widget elementor-widget-heading\" data-id=\"7cf9a13\" data-element_type=\"widget\" data-e-type=\"widget\" data-widget_type=\"heading.default\">\n\t\t\t\t<div class=\"elementor-widget-container\">\n\t\t\t\t\t<h1 class=\"elementor-heading-title elementor-size-default\"><b>MAPA WEB<\/b><\/h1>\t\t\t\t<\/div>\n\t\t\t\t<\/div>\n\t\t\t\t<div class=\"elementor-element elementor-element-0950815 elementor-widget elementor-widget-sitemap\" data-id=\"0950815\" data-element_type=\"widget\" data-e-type=\"widget\" data-widget_type=\"sitemap.default\">\n\t\t\t\t<div class=\"elementor-widget-container\">\n\t\t\t\t\t<div class=\"elementor-sitemap-wrap\"><div class=\"elementor-sitemap-section\"><h2 class=\"elementor-sitemap-title elementor-sitemap-page-title\">P\u00e1ginas<\/h2><ul class=\"elementor-sitemap-list elementor-sitemap-page-list\"><li class=\"elementor-sitemap-item elementor-sitemap-item-page page_item page-item-20633\"><a href=\"https:\/\/reconstruccionaccidentestrafico.com\/ca\/curso-analyzer-pro-principiantes\/\">Curso Analyzer Pro Principiantes<\/a><\/li><li class=\"elementor-sitemap-item elementor-sitemap-item-page page_item page-item-20635\"><a href=\"https:\/\/reconstruccionaccidentestrafico.com\/ca\/tu-primera-simulacion-con-analyzer-pro\/\">Tu Primera Simulaci\u00f3n con Analyzer Pro<\/a><\/li><li class=\"elementor-sitemap-item elementor-sitemap-item-page page_item page-item-20509\"><a href=\"https:\/\/reconstruccionaccidentestrafico.com\/ca\/test\/\">Test<\/a><\/li><li class=\"elementor-sitemap-item elementor-sitemap-item-page page_item page-item-20491\"><a href=\"https:\/\/reconstruccionaccidentestrafico.com\/ca\/cursos\/\">Cursos<\/a><\/li><li class=\"elementor-sitemap-item elementor-sitemap-item-page page_item page-item-19332\"><a href=\"https:\/\/reconstruccionaccidentestrafico.com\/ca\/escritori\/\">Escritori<\/a><\/li><li class=\"elementor-sitemap-item elementor-sitemap-item-page page_item page-item-19303\"><a href=\"https:\/\/reconstruccionaccidentestrafico.com\/ca\/empresa\/\">Empresa<\/a><\/li><li class=\"elementor-sitemap-item elementor-sitemap-item-page page_item page-item-19299\"><a href=\"https:\/\/reconstruccionaccidentestrafico.com\/ca\/distribucio-de-software-de-reconstruccio\/\">Distribuci\u00f3 de software de reconstrucci\u00f3<\/a><\/li><li class=\"elementor-sitemap-item elementor-sitemap-item-page page_item page-item-19319\"><a href=\"https:\/\/reconstruccionaccidentestrafico.com\/ca\/simulacio-virtual\/\">Simulaci\u00f3 virtual<\/a><\/li><li class=\"elementor-sitemap-item elementor-sitemap-item-page page_item page-item-19295\"><a href=\"https:\/\/reconstruccionaccidentestrafico.com\/ca\/calcul-de-velocitat\/\">C\u00e0lcul de velocitat<\/a><\/li><li class=\"elementor-sitemap-item elementor-sitemap-item-page page_item page-item-19311\"><a href=\"https:\/\/reconstruccionaccidentestrafico.com\/ca\/informe-biomecanic\/\">Informe biomec\u00e0nic<\/a><\/li><li class=\"elementor-sitemap-item elementor-sitemap-item-page page_item page-item-19315\"><a href=\"https:\/\/reconstruccionaccidentestrafico.com\/ca\/analisis-i-reconstruccio-daccidents-de-transit\/\">An\u00e0lisis i reconstrucci\u00f3 d&#8217;accidents de tr\u00e0nsit<\/a><\/li><li class=\"elementor-sitemap-item elementor-sitemap-item-page page_item page-item-500\"><a href=\"https:\/\/reconstruccionaccidentestrafico.com\/ca\/politica-daccessibilitat\/\">Pol\u00edtica daccessibilitat<\/a><\/li><li class=\"elementor-sitemap-item elementor-sitemap-item-page page_item page-item-496\"><a href=\"https:\/\/reconstruccionaccidentestrafico.com\/ca\/mapa-web\/\">Mapa web<\/a><\/li><li class=\"elementor-sitemap-item elementor-sitemap-item-page page_item page-item-19289\"><a href=\"https:\/\/reconstruccionaccidentestrafico.com\/ca\/noticies\/\">Not\u00edcies<\/a><\/li><li class=\"elementor-sitemap-item elementor-sitemap-item-page page_item page-item-498\"><a href=\"https:\/\/reconstruccionaccidentestrafico.com\/ca\/contacta\/\">Contacta<\/a><\/li><li class=\"elementor-sitemap-item elementor-sitemap-item-page page_item page-item-19307\"><a href=\"https:\/\/reconstruccionaccidentestrafico.com\/ca\/\">Home<\/a><\/li><li class=\"elementor-sitemap-item elementor-sitemap-item-page page_item page-item-506\"><a href=\"https:\/\/reconstruccionaccidentestrafico.com\/ca\/politica-de-cookies\/\">Pol\u00edtica de cookies<\/a><\/li><li class=\"elementor-sitemap-item elementor-sitemap-item-page page_item page-item-492\"><a href=\"https:\/\/reconstruccionaccidentestrafico.com\/ca\/avis-legal\/\">Av\u00eds Legal<\/a><\/li><li class=\"elementor-sitemap-item elementor-sitemap-item-page page_item page-item-510\"><a href=\"https:\/\/reconstruccionaccidentestrafico.com\/ca\/politica-de-privadesa\/\">Pol\u00edtica de privadesa<\/a><\/li><\/ul><\/div><div class=\"elementor-sitemap-section\"><h2 class=\"elementor-sitemap-title elementor-sitemap-category-title\">Categor\u00edas<\/h2><ul class=\"elementor-sitemap-list elementor-sitemap-category-list\">\t<li class=\"elementor-sitemap-item elementor-sitemap-item-category cat-item cat-item-570\"><a href=\"https:\/\/reconstruccionaccidentestrafico.com\/ca\/category\/novetats-ca\/\">Novetats<\/a>\n<\/li>\n\t<li class=\"elementor-sitemap-item elementor-sitemap-item-category cat-item cat-item-569\"><a href=\"https:\/\/reconstruccionaccidentestrafico.com\/ca\/category\/noticies-ca\/\">Not\u00edcies<\/a>\n<\/li>\n\t<li class=\"elementor-sitemap-item elementor-sitemap-item-category cat-item cat-item-1\"><a href=\"https:\/\/reconstruccionaccidentestrafico.com\/ca\/category\/noticies\/\">Not\u00edcies<\/a>\n<\/li>\n<\/ul><\/div><\/div>\t\t\t\t<\/div>\n\t\t\t\t<\/div>\n\t\t\t\t\t<\/div>\n\t\t<\/div>\n\t\t\t\t\t<\/div>\n\t\t<\/section>\n\t\t\t\t<\/div>\n\t\t","protected":false},"excerpt":{"rendered":"<p>MAPA WEB<\/p>\n","protected":false},"author":3,"featured_media":0,"parent":0,"menu_order":0,"comment_status":"closed","ping_status":"closed","template":"","meta":{"_acf_changed":false,"content-type":"","inline_featured_image":false,"_joinchat":[],"footnotes":""},"tags":[],"class_list":["post-496","page","type-page","status-publish","hentry"],"acf":[],"yoast_head":"<!-- This site is optimized with the Yoast SEO plugin v25.6 - https:\/\/yoast.com\/wordpress\/plugins\/seo\/ -->\n<title>\u25b7Mapa web - \u3010 Perito de Accidentes de Tr\u00e1fico en Barcelona | Investigaci\u00f3n y Reconstrucci\u00f3n \u3011<\/title>\n<meta name=\"description\" content=\"MAPA WEB \u2713\" \/>\n<meta name=\"robots\" content=\"noindex, nofollow\" \/>\n<meta property=\"og:locale\" content=\"ca_ES\" \/>\n<meta property=\"og:type\" content=\"article\" \/>\n<meta property=\"og:title\" content=\"\u25b7Mapa web - \u3010 Perito de Accidentes de Tr\u00e1fico en Barcelona | Investigaci\u00f3n y Reconstrucci\u00f3n \u3011\" \/>\n<meta property=\"og:description\" content=\"MAPA WEB \u2713\" \/>\n<meta property=\"og:url\" content=\"https:\/\/reconstruccionaccidentestrafico.com\/mapa-web\/\" \/>\n<meta property=\"og:site_name\" content=\"Perito de Accidentes de Tr\u00e1fico en Barcelona | Investigaci\u00f3n y Reconstrucci\u00f3n\" \/>\n<meta property=\"article:modified_time\" content=\"2024-06-11T09:34:05+00:00\" \/>\n<meta name=\"twitter:card\" content=\"summary_large_image\" \/>\n<script type=\"application\/ld+json\" class=\"yoast-schema-graph\">{\"@context\":\"https:\/\/schema.org\",\"@graph\":[{\"@type\":\"WebPage\",\"@id\":\"https:\/\/reconstruccionaccidentestrafico.com\/mapa-web\/\",\"url\":\"https:\/\/reconstruccionaccidentestrafico.com\/mapa-web\/\",\"name\":\"\u25b7Mapa web - \u3010 Perito de Accidentes de Tr\u00e1fico en Barcelona | Investigaci\u00f3n y Reconstrucci\u00f3n \u3011\",\"isPartOf\":{\"@id\":\"https:\/\/reconstruccionaccidentestrafico.com\/#website\"},\"datePublished\":\"2023-06-16T13:36:36+00:00\",\"dateModified\":\"2024-06-11T09:34:05+00:00\",\"description\":\"MAPA WEB \u2713\",\"breadcrumb\":{\"@id\":\"https:\/\/reconstruccionaccidentestrafico.com\/mapa-web\/#breadcrumb\"},\"inLanguage\":\"ca\",\"potentialAction\":[{\"@type\":\"ReadAction\",\"target\":[\"https:\/\/reconstruccionaccidentestrafico.com\/mapa-web\/\"]}]},{\"@type\":\"BreadcrumbList\",\"@id\":\"https:\/\/reconstruccionaccidentestrafico.com\/mapa-web\/#breadcrumb\",\"itemListElement\":[{\"@type\":\"ListItem\",\"position\":1,\"name\":\"Portada\",\"item\":\"https:\/\/reconstruccionaccidentestrafico.com\/\"},{\"@type\":\"ListItem\",\"position\":2,\"name\":\"Mapa web\"}]},{\"@type\":\"WebSite\",\"@id\":\"https:\/\/reconstruccionaccidentestrafico.com\/#website\",\"url\":\"https:\/\/reconstruccionaccidentestrafico.com\/\",\"name\":\"Perito de Accidentes de Tr\u00e1fico en Barcelona | Investigaci\u00f3n y Reconstrucci\u00f3n\",\"description\":\"Just another WordPress site\",\"potentialAction\":[{\"@type\":\"SearchAction\",\"target\":{\"@type\":\"EntryPoint\",\"urlTemplate\":\"https:\/\/reconstruccionaccidentestrafico.com\/?s={search_term_string}\"},\"query-input\":{\"@type\":\"PropertyValueSpecification\",\"valueRequired\":true,\"valueName\":\"search_term_string\"}}],\"inLanguage\":\"ca\"}]}<\/script>\n<!-- \/ Yoast SEO plugin. -->","yoast_head_json":{"title":"\u25b7Mapa web - \u3010 Perito de Accidentes de Tr\u00e1fico en Barcelona | Investigaci\u00f3n y Reconstrucci\u00f3n \u3011","description":"MAPA WEB \u2713","robots":{"index":"noindex","follow":"nofollow"},"og_locale":"ca_ES","og_type":"article","og_title":"\u25b7Mapa web - \u3010 Perito de Accidentes de Tr\u00e1fico en Barcelona | Investigaci\u00f3n y Reconstrucci\u00f3n \u3011","og_description":"MAPA WEB \u2713","og_url":"https:\/\/reconstruccionaccidentestrafico.com\/mapa-web\/","og_site_name":"Perito de Accidentes de Tr\u00e1fico en Barcelona | Investigaci\u00f3n y Reconstrucci\u00f3n","article_modified_time":"2024-06-11T09:34:05+00:00","twitter_card":"summary_large_image","schema":{"@context":"https:\/\/schema.org","@graph":[{"@type":"WebPage","@id":"https:\/\/reconstruccionaccidentestrafico.com\/mapa-web\/","url":"https:\/\/reconstruccionaccidentestrafico.com\/mapa-web\/","name":"\u25b7Mapa web - \u3010 Perito de Accidentes de Tr\u00e1fico en Barcelona | Investigaci\u00f3n y Reconstrucci\u00f3n \u3011","isPartOf":{"@id":"https:\/\/reconstruccionaccidentestrafico.com\/#website"},"datePublished":"2023-06-16T13:36:36+00:00","dateModified":"2024-06-11T09:34:05+00:00","description":"MAPA WEB \u2713","breadcrumb":{"@id":"https:\/\/reconstruccionaccidentestrafico.com\/mapa-web\/#breadcrumb"},"inLanguage":"ca","potentialAction":[{"@type":"ReadAction","target":["https:\/\/reconstruccionaccidentestrafico.com\/mapa-web\/"]}]},{"@type":"BreadcrumbList","@id":"https:\/\/reconstruccionaccidentestrafico.com\/mapa-web\/#breadcrumb","itemListElement":[{"@type":"ListItem","position":1,"name":"Portada","item":"https:\/\/reconstruccionaccidentestrafico.com\/"},{"@type":"ListItem","position":2,"name":"Mapa web"}]},{"@type":"WebSite","@id":"https:\/\/reconstruccionaccidentestrafico.com\/#website","url":"https:\/\/reconstruccionaccidentestrafico.com\/","name":"Perito de Accidentes de Tr\u00e1fico en Barcelona | Investigaci\u00f3n y Reconstrucci\u00f3n","description":"Just another WordPress site","potentialAction":[{"@type":"SearchAction","target":{"@type":"EntryPoint","urlTemplate":"https:\/\/reconstruccionaccidentestrafico.com\/?s={search_term_string}"},"query-input":{"@type":"PropertyValueSpecification","valueRequired":true,"valueName":"search_term_string"}}],"inLanguage":"ca"}]}},"_links":{"self":[{"href":"https:\/\/reconstruccionaccidentestrafico.com\/ca\/wp-json\/wp\/v2\/pages\/496"}],"collection":[{"href":"https:\/\/reconstruccionaccidentestrafico.com\/ca\/wp-json\/wp\/v2\/pages"}],"about":[{"href":"https:\/\/reconstruccionaccidentestrafico.com\/ca\/wp-json\/wp\/v2\/types\/page"}],"author":[{"embeddable":true,"href":"https:\/\/reconstruccionaccidentestrafico.com\/ca\/wp-json\/wp\/v2\/users\/3"}],"replies":[{"embeddable":true,"href":"https:\/\/reconstruccionaccidentestrafico.com\/ca\/wp-json\/wp\/v2\/comments?post=496"}],"version-history":[{"count":0,"href":"https:\/\/reconstruccionaccidentestrafico.com\/ca\/wp-json\/wp\/v2\/pages\/496\/revisions"}],"wp:attachment":[{"href":"https:\/\/reconstruccionaccidentestrafico.com\/ca\/wp-json\/wp\/v2\/media?parent=496"}],"wp:term":[{"taxonomy":"post_tag","embeddable":true,"href":"https:\/\/reconstruccionaccidentestrafico.com\/ca\/wp-json\/wp\/v2\/tags?post=496"}],"curies":[{"name":"wp","href":"https:\/\/api.w.org\/{rel}","templated":true}]}}