{"id":20509,"date":"2025-05-15T10:57:38","date_gmt":"2025-05-15T08:57:38","guid":{"rendered":"https:\/\/reconstruccionaccidentestrafico.com\/?page_id=20509"},"modified":"2025-05-15T10:59:01","modified_gmt":"2025-05-15T08:59:01","slug":"test","status":"publish","type":"page","link":"https:\/\/reconstruccionaccidentestrafico.com\/ca\/test\/","title":{"rendered":"Test"},"content":{"rendered":"\t\t<div data-elementor-type=\"wp-page\" data-elementor-id=\"20509\" class=\"elementor elementor-20509\" data-elementor-post-type=\"page\">\n\t\t\t\t<div class=\"elementor-element elementor-element-fbfc5f4 e-flex e-con-boxed e-con e-parent\" data-id=\"fbfc5f4\" data-element_type=\"container\" data-e-type=\"container\">\n\t\t\t\t\t<div class=\"e-con-inner\">\n\t\t\t\t<div class=\"elementor-element elementor-element-e124aea elementor-align-left elementor-widget elementor-widget-etlms-course-title tutor-addon etlms-course-title\" data-id=\"e124aea\" data-element_type=\"widget\" data-e-type=\"widget\" data-widget_type=\"etlms-course-title.default\">\n\t\t\t\t<div class=\"elementor-widget-container\">\n\t\t\t\t\t<h2 class=\"tutor-course-details-title tutor-fs-4 tutor-fw-bold tutor-color-black tutor-mt-12 tutor-mb-0\"> \n\t\t\t\t\t<span>Course Title<\/span>\n\t\t\t<\/h2>\t\t\t\t<\/div>\n\t\t\t\t<\/div>\n\t\t\t\t\t<\/div>\n\t\t\t\t<\/div>\n\t\t\t\t<\/div>\n\t\t","protected":false},"excerpt":{"rendered":"<p>Course Title<\/p>\n","protected":false},"author":3,"featured_media":0,"parent":0,"menu_order":0,"comment_status":"closed","ping_status":"closed","template":"","meta":{"_acf_changed":false,"content-type":"","inline_featured_image":false,"_joinchat":[],"footnotes":""},"tags":[],"class_list":["post-20509","page","type-page","status-publish","hentry"],"acf":[],"yoast_head":"<!-- This site is optimized with the Yoast SEO plugin v25.6 - https:\/\/yoast.com\/wordpress\/plugins\/seo\/ -->\n<title>\u25b7Test - \u3010 Perito de Accidentes de Tr\u00e1fico en Barcelona | Investigaci\u00f3n y Reconstrucci\u00f3n \u3011<\/title>\n<meta name=\"description\" content=\"Course Title \u2713\" \/>\n<meta name=\"robots\" content=\"index, follow, max-snippet:-1, max-image-preview:large, max-video-preview:-1\" \/>\n<link rel=\"canonical\" href=\"https:\/\/reconstruccionaccidentestrafico.com\/ca\/test\/\" \/>\n<meta property=\"og:locale\" content=\"ca_ES\" \/>\n<meta property=\"og:type\" content=\"article\" \/>\n<meta property=\"og:title\" content=\"\u25b7Test - \u3010 Perito de Accidentes de Tr\u00e1fico en Barcelona | Investigaci\u00f3n y Reconstrucci\u00f3n \u3011\" \/>\n<meta property=\"og:description\" content=\"Course Title \u2713\" \/>\n<meta property=\"og:url\" content=\"https:\/\/reconstruccionaccidentestrafico.com\/ca\/test\/\" \/>\n<meta property=\"og:site_name\" content=\"Perito de Accidentes de Tr\u00e1fico en Barcelona | Investigaci\u00f3n y Reconstrucci\u00f3n\" \/>\n<meta property=\"article:modified_time\" content=\"2025-05-15T08:59:01+00:00\" \/>\n<meta name=\"twitter:card\" content=\"summary_large_image\" \/>\n<meta name=\"twitter:label1\" content=\"Temps estimat de lectura\" \/>\n\t<meta name=\"twitter:data1\" content=\"1 minut\" \/>\n<script type=\"application\/ld+json\" class=\"yoast-schema-graph\">{\"@context\":\"https:\/\/schema.org\",\"@graph\":[{\"@type\":\"WebPage\",\"@id\":\"https:\/\/reconstruccionaccidentestrafico.com\/ca\/test\/\",\"url\":\"https:\/\/reconstruccionaccidentestrafico.com\/ca\/test\/\",\"name\":\"\u25b7Test - \u3010 Perito de Accidentes de Tr\u00e1fico en Barcelona | Investigaci\u00f3n y Reconstrucci\u00f3n \u3011\",\"isPartOf\":{\"@id\":\"https:\/\/reconstruccionaccidentestrafico.com\/#website\"},\"datePublished\":\"2025-05-15T08:57:38+00:00\",\"dateModified\":\"2025-05-15T08:59:01+00:00\",\"description\":\"Course Title \u2713\",\"breadcrumb\":{\"@id\":\"https:\/\/reconstruccionaccidentestrafico.com\/ca\/test\/#breadcrumb\"},\"inLanguage\":\"ca\",\"potentialAction\":[{\"@type\":\"ReadAction\",\"target\":[\"https:\/\/reconstruccionaccidentestrafico.com\/ca\/test\/\"]}]},{\"@type\":\"BreadcrumbList\",\"@id\":\"https:\/\/reconstruccionaccidentestrafico.com\/ca\/test\/#breadcrumb\",\"itemListElement\":[{\"@type\":\"ListItem\",\"position\":1,\"name\":\"Portada\",\"item\":\"https:\/\/reconstruccionaccidentestrafico.com\/\"},{\"@type\":\"ListItem\",\"position\":2,\"name\":\"Test\"}]},{\"@type\":\"WebSite\",\"@id\":\"https:\/\/reconstruccionaccidentestrafico.com\/#website\",\"url\":\"https:\/\/reconstruccionaccidentestrafico.com\/\",\"name\":\"Perito de Accidentes de Tr\u00e1fico en Barcelona | Investigaci\u00f3n y Reconstrucci\u00f3n\",\"description\":\"Just another WordPress site\",\"potentialAction\":[{\"@type\":\"SearchAction\",\"target\":{\"@type\":\"EntryPoint\",\"urlTemplate\":\"https:\/\/reconstruccionaccidentestrafico.com\/?s={search_term_string}\"},\"query-input\":{\"@type\":\"PropertyValueSpecification\",\"valueRequired\":true,\"valueName\":\"search_term_string\"}}],\"inLanguage\":\"ca\"}]}<\/script>\n<!-- \/ Yoast SEO plugin. -->","yoast_head_json":{"title":"\u25b7Test - \u3010 Perito de Accidentes de Tr\u00e1fico en Barcelona | Investigaci\u00f3n y Reconstrucci\u00f3n \u3011","description":"Course Title \u2713","robots":{"index":"index","follow":"follow","max-snippet":"max-snippet:-1","max-image-preview":"max-image-preview:large","max-video-preview":"max-video-preview:-1"},"canonical":"https:\/\/reconstruccionaccidentestrafico.com\/ca\/test\/","og_locale":"ca_ES","og_type":"article","og_title":"\u25b7Test - \u3010 Perito de Accidentes de Tr\u00e1fico en Barcelona | Investigaci\u00f3n y Reconstrucci\u00f3n \u3011","og_description":"Course Title \u2713","og_url":"https:\/\/reconstruccionaccidentestrafico.com\/ca\/test\/","og_site_name":"Perito de Accidentes de Tr\u00e1fico en Barcelona | Investigaci\u00f3n y Reconstrucci\u00f3n","article_modified_time":"2025-05-15T08:59:01+00:00","twitter_card":"summary_large_image","twitter_misc":{"Temps estimat de lectura":"1 minut"},"schema":{"@context":"https:\/\/schema.org","@graph":[{"@type":"WebPage","@id":"https:\/\/reconstruccionaccidentestrafico.com\/ca\/test\/","url":"https:\/\/reconstruccionaccidentestrafico.com\/ca\/test\/","name":"\u25b7Test - \u3010 Perito de Accidentes de Tr\u00e1fico en Barcelona | Investigaci\u00f3n y Reconstrucci\u00f3n \u3011","isPartOf":{"@id":"https:\/\/reconstruccionaccidentestrafico.com\/#website"},"datePublished":"2025-05-15T08:57:38+00:00","dateModified":"2025-05-15T08:59:01+00:00","description":"Course Title \u2713","breadcrumb":{"@id":"https:\/\/reconstruccionaccidentestrafico.com\/ca\/test\/#breadcrumb"},"inLanguage":"ca","potentialAction":[{"@type":"ReadAction","target":["https:\/\/reconstruccionaccidentestrafico.com\/ca\/test\/"]}]},{"@type":"BreadcrumbList","@id":"https:\/\/reconstruccionaccidentestrafico.com\/ca\/test\/#breadcrumb","itemListElement":[{"@type":"ListItem","position":1,"name":"Portada","item":"https:\/\/reconstruccionaccidentestrafico.com\/"},{"@type":"ListItem","position":2,"name":"Test"}]},{"@type":"WebSite","@id":"https:\/\/reconstruccionaccidentestrafico.com\/#website","url":"https:\/\/reconstruccionaccidentestrafico.com\/","name":"Perito de Accidentes de Tr\u00e1fico en Barcelona | Investigaci\u00f3n y Reconstrucci\u00f3n","description":"Just another WordPress site","potentialAction":[{"@type":"SearchAction","target":{"@type":"EntryPoint","urlTemplate":"https:\/\/reconstruccionaccidentestrafico.com\/?s={search_term_string}"},"query-input":{"@type":"PropertyValueSpecification","valueRequired":true,"valueName":"search_term_string"}}],"inLanguage":"ca"}]}},"_links":{"self":[{"href":"https:\/\/reconstruccionaccidentestrafico.com\/ca\/wp-json\/wp\/v2\/pages\/20509"}],"collection":[{"href":"https:\/\/reconstruccionaccidentestrafico.com\/ca\/wp-json\/wp\/v2\/pages"}],"about":[{"href":"https:\/\/reconstruccionaccidentestrafico.com\/ca\/wp-json\/wp\/v2\/types\/page"}],"author":[{"embeddable":true,"href":"https:\/\/reconstruccionaccidentestrafico.com\/ca\/wp-json\/wp\/v2\/users\/3"}],"replies":[{"embeddable":true,"href":"https:\/\/reconstruccionaccidentestrafico.com\/ca\/wp-json\/wp\/v2\/comments?post=20509"}],"version-history":[{"count":5,"href":"https:\/\/reconstruccionaccidentestrafico.com\/ca\/wp-json\/wp\/v2\/pages\/20509\/revisions"}],"predecessor-version":[{"id":20516,"href":"https:\/\/reconstruccionaccidentestrafico.com\/ca\/wp-json\/wp\/v2\/pages\/20509\/revisions\/20516"}],"wp:attachment":[{"href":"https:\/\/reconstruccionaccidentestrafico.com\/ca\/wp-json\/wp\/v2\/media?parent=20509"}],"wp:term":[{"taxonomy":"post_tag","embeddable":true,"href":"https:\/\/reconstruccionaccidentestrafico.com\/ca\/wp-json\/wp\/v2\/tags?post=20509"}],"curies":[{"name":"wp","href":"https:\/\/api.w.org\/{rel}","templated":true}]}}