{"id":20491,"date":"2025-05-12T16:35:37","date_gmt":"2025-05-12T14:35:37","guid":{"rendered":"https:\/\/reconstruccionaccidentestrafico.com\/cursos\/"},"modified":"2025-05-14T09:52:15","modified_gmt":"2025-05-14T07:52:15","slug":"cursos","status":"publish","type":"page","link":"https:\/\/reconstruccionaccidentestrafico.com\/ca\/cursos\/","title":{"rendered":"Cursos"},"content":{"rendered":"\t\t<div data-elementor-type=\"wp-page\" data-elementor-id=\"20491\" class=\"elementor elementor-20491 elementor-20451\" data-elementor-post-type=\"page\">\n\t\t\t\t\t\t<section class=\"elementor-section elementor-top-section elementor-element elementor-element-e4fefe9 elementor-section-height-min-height elementor-section-boxed elementor-section-height-default elementor-section-items-middle\" data-id=\"e4fefe9\" data-element_type=\"section\" data-e-type=\"section\" data-settings=\"{&quot;background_background&quot;:&quot;classic&quot;}\">\n\t\t\t\t\t\t\t<div class=\"elementor-background-overlay\"><\/div>\n\t\t\t\t\t\t\t<div class=\"elementor-container elementor-column-gap-default\">\n\t\t\t\t\t<div class=\"elementor-column elementor-col-100 elementor-top-column elementor-element elementor-element-5d538cb\" data-id=\"5d538cb\" data-element_type=\"column\" data-e-type=\"column\">\n\t\t\t<div class=\"elementor-widget-wrap elementor-element-populated\">\n\t\t\t\t\t\t<div class=\"elementor-element elementor-element-8075707 elementor-widget elementor-widget-heading\" data-id=\"8075707\" data-element_type=\"widget\" data-e-type=\"widget\" data-widget_type=\"heading.default\">\n\t\t\t\t<div class=\"elementor-widget-container\">\n\t\t\t\t\t<h1 class=\"elementor-heading-title elementor-size-default\">Cursos<\/h1>\t\t\t\t<\/div>\n\t\t\t\t<\/div>\n\t\t\t\t<div class=\"elementor-element elementor-element-560ca51 elementor-widget-divider--view-line elementor-widget elementor-widget-divider\" data-id=\"560ca51\" data-element_type=\"widget\" data-e-type=\"widget\" data-widget_type=\"divider.default\">\n\t\t\t\t<div class=\"elementor-widget-container\">\n\t\t\t\t\t\t\t<div class=\"elementor-divider\">\n\t\t\t<span class=\"elementor-divider-separator\">\n\t\t\t\t\t\t<\/span>\n\t\t<\/div>\n\t\t\t\t\t\t<\/div>\n\t\t\t\t<\/div>\n\t\t\t\t\t<\/div>\n\t\t<\/div>\n\t\t\t\t\t<\/div>\n\t\t<\/section>\n\t\t<div class=\"elementor-element elementor-element-2113ed7 e-flex e-con-boxed e-con e-parent\" data-id=\"2113ed7\" data-element_type=\"container\" data-e-type=\"container\">\n\t\t\t\t\t<div class=\"e-con-inner\">\n\t\t\t\t<div class=\"elementor-element elementor-element-c2b08e5 elementor-widget elementor-widget-etlms-course-list tutor-addon etlms-course-list\" data-id=\"c2b08e5\" data-element_type=\"widget\" data-e-type=\"widget\" data-widget_type=\"etlms-course-list.default\">\n\t\t\t\t<div class=\"elementor-widget-container\">\n\t\t\t\t\t<div class=\"tutor-wrap tutor-courses-wrap tutor-container etlms-course-list-main-wrap\">\n\t\t\t\t\t<div class=\"etlms-course-list-loop-wrap tutor-course-list tutor-grid tutor-grid-3\">\n\t\t\t\t\t\t\t<div class=\"etlms-course-list-col\">\n\t\t\t\t\t<div class=\"tutor-card tutor-course-card tutor-loop-course-container etlms-course-card-classic   etlms-has-hover-animation\">\n            <div class=\"tutor-course-thumbnail\">\n        <a href=\"https:\/\/reconstruccionaccidentestrafico.com\/ca\/cursos-formacion\/tu-primera-simulacion-con-analyzer-pro-carga-boceto-y-movimiento\/\" class=\"tutor-d-block\">\n            <div class=\"tutor-ratio tutor-ratio-16x9\">\n                <img decoding=\"async\" class=\"tutor-card-image-top\" src=\"https:\/\/reconstruccionaccidentestrafico.com\/wp-content\/uploads\/2025\/05\/caratula-curso-introductorio-1-768x768.png\" alt=\"Tu Primera Simulaci\u00f3n con Analyzer Pro: Carga, Boceto y Movimiento\" loading=\"lazy\">\n            <\/div>\n        <\/a>\n    <\/div>\n<div class=\"tutor-course-bookmark\">\n    <span class=\"cart-required-login save-bookmark-btn tutor-iconic-btn tutor-iconic-btn-secondary\" data-course-id=\"20412\" role=\"button\">\n            <i class=\"tutor-icon-bookmark-line\"><\/i>\n        <\/span><\/div>\n\n    <div class=\"tutor-card-body\">\n        <h3 class=\"tutor-course-name tutor-fs-5 tutor-fw-medium tutor-mb-12\" title=\"Tu Primera Simulaci\u00f3n con Analyzer Pro: Carga, Boceto y Movimiento\">\n    <a href=\"https:\/\/reconstruccionaccidentestrafico.com\/ca\/cursos-formacion\/tu-primera-simulacion-con-analyzer-pro-carga-boceto-y-movimiento\/\">Tu Primera Simulaci\u00f3n con Analyzer Pro: Carga, Boceto y Movimiento<\/a>\n<\/h3><div class=\"tutor-meta etlms-course-duration-meta tutor-mb-20\">\n    \n            <div>\n            <span class=\"tutor-icon-clock-line tutor-meta-icon\" area-hidden=\"true\"><\/span>\n            <span class=\"tutor-meta-value\"> 2 hores<\/span>\n        <\/div>\n    <\/div>\n\n<div class=\"tutor-meta tutor-mt-auto\">\n\t\t<div>\n\t\t<a href=\"https:\/\/reconstruccionaccidentestrafico.com\/ca\/profile\/ez9tmmqttelkx?view=instructor\" class=\"tutor-d-flex\">\n\t\t\t<div class=\"tutor-avatar\"><div class=\"tutor-ratio tutor-ratio-1x1\"><span class=\"tutor-avatar-text\">E<\/span><\/div><\/div>\t\t<\/a>\n\t<\/div>\n\t\n\t<div>\n\t\t\t\t<span class=\"etlms-course-author-meta tutor-meta-key\">By<\/span>\n\t\t<a class=\"etlms-course-author-meta tutor-meta-value\" href=\"https:\/\/reconstruccionaccidentestrafico.com\/ca\/profile\/ez9tmmqttelkx?view=instructor\">Ez9TmmQTtELKx<\/a>\n\t\t\n\t\t\t<\/div>\n<\/div>\n    <\/div>\n\n    <div class=\"tutor-card-footer\">\n    <div class=\"tutor-course-list-btn\"><a href=\"https:\/\/reconstruccionaccidentestrafico.com\/ca\/cursos-formacion\/tu-primera-simulacion-con-analyzer-pro-carga-boceto-y-movimiento\/\" class=\"tutor-btn tutor-btn-outline-primary tutor-btn-md tutor-btn-block tutor-open-login-modal \" data-course-id=\"20412\">Inscripci\u00f3 al curs<\/a><\/div><\/div>\n<\/div>\t\t\t\t<\/div>\n\t\t\t\t\t\t\t<div class=\"etlms-course-list-col\">\n\t\t\t\t\t<div class=\"tutor-card tutor-course-card tutor-loop-course-container etlms-course-card-classic   etlms-has-hover-animation\">\n            <div class=\"tutor-course-thumbnail\">\n        <a href=\"https:\/\/reconstruccionaccidentestrafico.com\/ca\/cursos-formacion\/curs-analyzer-pro\/\" class=\"tutor-d-block\">\n            <div class=\"tutor-ratio tutor-ratio-16x9\">\n                <img decoding=\"async\" class=\"tutor-card-image-top\" src=\"https:\/\/reconstruccionaccidentestrafico.com\/wp-content\/uploads\/2024\/06\/Curso-768x644.png\" alt=\"Curso Analyzer Pro Principiantes\" loading=\"lazy\">\n            <\/div>\n        <\/a>\n    <\/div>\n<div class=\"tutor-course-bookmark\">\n    <span class=\"cart-required-login save-bookmark-btn tutor-iconic-btn tutor-iconic-btn-secondary\" data-course-id=\"18830\" role=\"button\">\n            <i class=\"tutor-icon-bookmark-line\"><\/i>\n        <\/span><\/div>\n\n    <div class=\"tutor-card-body\">\n        <h3 class=\"tutor-course-name tutor-fs-5 tutor-fw-medium tutor-mb-12\" title=\"Curso Analyzer Pro Principiantes\">\n    <a href=\"https:\/\/reconstruccionaccidentestrafico.com\/ca\/cursos-formacion\/curs-analyzer-pro\/\">Curso Analyzer Pro Principiantes<\/a>\n<\/h3><div class=\"tutor-meta etlms-course-duration-meta tutor-mb-20\">\n    \n            <div>\n            <span class=\"tutor-icon-clock-line tutor-meta-icon\" area-hidden=\"true\"><\/span>\n            <span class=\"tutor-meta-value\"> 5 hores 30 minuts<\/span>\n        <\/div>\n    <\/div>\n\n<div class=\"tutor-meta tutor-mt-auto\">\n\t\t<div>\n\t\t<a href=\"https:\/\/reconstruccionaccidentestrafico.com\/ca\/profile\/ez9tmmqttelkx?view=instructor\" class=\"tutor-d-flex\">\n\t\t\t<div class=\"tutor-avatar\"><div class=\"tutor-ratio tutor-ratio-1x1\"><span class=\"tutor-avatar-text\">E<\/span><\/div><\/div>\t\t<\/a>\n\t<\/div>\n\t\n\t<div>\n\t\t\t\t<span class=\"etlms-course-author-meta tutor-meta-key\">By<\/span>\n\t\t<a class=\"etlms-course-author-meta tutor-meta-value\" href=\"https:\/\/reconstruccionaccidentestrafico.com\/ca\/profile\/ez9tmmqttelkx?view=instructor\">Ez9TmmQTtELKx<\/a>\n\t\t\n\t\t\t<\/div>\n<\/div>\n    <\/div>\n\n    <div class=\"tutor-card-footer\">\n    <div class=\"tutor-course-list-btn\"><a href=\"https:\/\/reconstruccionaccidentestrafico.com\/ca\/cursos-formacion\/curs-analyzer-pro\/\" class=\"tutor-btn tutor-btn-outline-primary tutor-btn-md tutor-btn-block tutor-open-login-modal \" data-course-id=\"18830\">Inscripci\u00f3 al curs<\/a><\/div><\/div>\n<\/div>\t\t\t\t<\/div>\n\t\t\t\t\t<\/div>\n\n\t\t\t\t\t\t\t<div class=\"etlms-course-list-pagination-wrap tutor-mt-32\">\n\t\t\t<div class=\"etlms-pagination prev-next\">\n\t\t\t\t\n\t\t\t\t\t\n\t\t\t\t\t\t<\/div>\n\t\t\t\t<\/div>\n<div class=\"tutor-modal tutor-login-modal\" role=\"dialog\" aria-modal=\"true\" aria-labelledby=\"tutor-login-modal-title\" aria-hidden=\"true\">\n\t<div class=\"tutor-modal-overlay\"><\/div>\n\t<div class=\"tutor-modal-window tutor-modal-window-sm\">\n\t\t<div class=\"tutor-modal-content tutor-modal-content-white\">\n\t\t\t<button class=\"tutor-iconic-btn tutor-modal-close-o\" data-tutor-modal-close aria-label=\"Close login dialog\">\n\t\t\t\t<span class=\"tutor-icon-times\" aria-hidden=\"true\"><\/span>\n\t\t\t<\/button>\n\n\t\t\t<div class=\"tutor-modal-body\">\n\t\t\t\t<div class=\"tutor-py-48\">\n\t\t\t\t\t\t\t\t\t\t<div id=\"tutor-login-modal-title\" class=\"tutor-fs-4 tutor-fw-medium tutor-color-black tutor-mb-32\">Us donem la benvinguda!<\/div>\n\t\t\t\t\t<form id=\"tutor-login-form\" method=\"post\">\n\t\t<input type=\"hidden\" id=\"_tutor_nonce\" name=\"_tutor_nonce\" value=\"d73e3a6bed\" \/><input type=\"hidden\" name=\"_wp_http_referer\" value=\"\/ca\/wp-json\/wp\/v2\/pages\/20491\" \/>\t<input type=\"hidden\" name=\"tutor_action\" value=\"tutor_user_login\" \/>\n\t<input type=\"hidden\" name=\"redirect_to\" value=\"https:\/\/reconstruccionaccidentestrafico.com\/ca\/wp-json\/wp\/v2\/pages\/20491\" \/>\n\n\t<div class=\"tutor-mb-20\">\n\t\t<input type=\"text\" class=\"tutor-form-control\" placeholder=\"Nom d\u2019usuari o adre\u00e7a electr\u00f2nica\" name=\"log\" value=\"\" size=\"20\" required\/>\n\t<\/div>\n\n\t<div class=\"tutor-mb-32\">\n\t\t<input type=\"password\" class=\"tutor-form-control\" placeholder=\"Contrasenya\" name=\"pwd\" value=\"\" size=\"20\" required\/>\n\t<\/div>\n\n\t<div class=\"tutor-login-error\" role=\"alert\" aria-live=\"polite\"><\/div>\n\t\t\t<input type=\"hidden\" name=\"timezone\" value=\"Europe\/Madrid\" \/>\n\t\t<script>\n\t\t\tdocument.addEventListener('DOMContentLoaded', function() {\n\t\t\t\tconst timezone = document.querySelector('input[name=\"timezone\"]');\n\t\t\t\tif ( timezone) {\n\t\t\t\t\tconst tz = Intl.DateTimeFormat().resolvedOptions().timeZone;\n\t\t\t\t\ttimezone.value = tz\n\t\t\t\t}\n\t\t\t});\n\t\t<\/script>\n\t\t\t<div class=\"tutor-d-flex tutor-justify-between tutor-align-center tutor-mb-40\">\n\t\t<div class=\"tutor-form-check\">\n\t\t\t<input id=\"tutor-login-agmnt-1\" type=\"checkbox\" class=\"tutor-form-check-input tutor-bg-black-40\" name=\"rememberme\" value=\"forever\" \/>\n\t\t\t<label for=\"tutor-login-agmnt-1\" class=\"tutor-fs-7 tutor-color-muted\">\n\t\t\t\tManteniu-me connectat\t\t\t<\/label>\n\t\t<\/div>\n\t\t<a href=\"https:\/\/reconstruccionaccidentestrafico.com\/escritorio\/retrieve-password\" class=\"tutor-btn tutor-btn-ghost\">\n\t\t\tHeu oblidat la contrasenya?\t\t<\/a>\n\t<\/div>\n\n\t\t<button type=\"submit\" class=\"tutor-btn tutor-btn-primary tutor-btn-block\">\n\t\tInicia la sessi\u00f3\t<\/button>\n\n\t\t\t\t\t<div class=\"tutor-text-center tutor-fs-6 tutor-color-secondary tutor-mt-20\">\n\t\t\tNo teniu un compte?&nbsp;\n\t\t\t<a href=\"https:\/\/reconstruccionaccidentestrafico.com\/registro-de-estudiante\/?redirect_to=https:\/\/reconstruccionaccidentestrafico.com\/ca\/wp-json\/wp\/v2\/pages\/20491\" class=\"tutor-btn tutor-btn-link\">\n\t\t\t\tRegistreu-vos ara.\t\t\t<\/a>\n\t\t<\/div>\n\t\t<\/form>\n<script>\n\tdocument.addEventListener('DOMContentLoaded', function() {\n\t\tvar loginModal = document.querySelector('.tutor-modal.tutor-login-modal');\n\t\tvar errors = [];\n\t\tif (loginModal && errors.length) {\n\t\t\tloginModal.classList.add('tutor-is-active');\n\t\t}\n\t});\n<\/script>\n\n\t\t\t\t\t\t\t\t\t<\/div>\n\t\t\t\t\t\t\t<\/div>\n\t\t<\/div>\n\t<\/div>\n<\/div>\n\t\t\t\t<\/div>\n\t\t\t\t<\/div>\n\t\t\t\t\t<\/div>\n\t\t\t\t<\/div>\n\t\t\t\t<section class=\"elementor-section elementor-top-section elementor-element elementor-element-fdec6fc elementor-section-boxed elementor-section-height-default elementor-section-height-default\" data-id=\"fdec6fc\" data-element_type=\"section\" data-e-type=\"section\">\n\t\t\t\t\t\t<div class=\"elementor-container elementor-column-gap-default\">\n\t\t\t\t\t<div class=\"elementor-column elementor-col-100 elementor-top-column elementor-element elementor-element-9252c29\" data-id=\"9252c29\" data-element_type=\"column\" data-e-type=\"column\" data-settings=\"{&quot;background_background&quot;:&quot;classic&quot;}\">\n\t\t\t<div class=\"elementor-widget-wrap elementor-element-populated\">\n\t\t\t\t\t<div class=\"elementor-background-overlay\"><\/div>\n\t\t\t\t\t\t<section class=\"elementor-section elementor-inner-section elementor-element elementor-element-b48f5db elementor-section-boxed elementor-section-height-default elementor-section-height-default\" data-id=\"b48f5db\" data-element_type=\"section\" data-e-type=\"section\">\n\t\t\t\t\t\t<div class=\"elementor-container elementor-column-gap-default\">\n\t\t\t\t\t<div class=\"elementor-column elementor-col-50 elementor-inner-column elementor-element elementor-element-d381b5e\" data-id=\"d381b5e\" data-element_type=\"column\" data-e-type=\"column\">\n\t\t\t<div class=\"elementor-widget-wrap elementor-element-populated\">\n\t\t\t\t\t\t<div class=\"elementor-element elementor-element-6c9ca81 elementor-widget elementor-widget-heading\" data-id=\"6c9ca81\" data-element_type=\"widget\" data-e-type=\"widget\" data-widget_type=\"heading.default\">\n\t\t\t\t<div class=\"elementor-widget-container\">\n\t\t\t\t\t<h2 class=\"elementor-heading-title elementor-size-default\">Vull saber m\u00e9s!<\/h2>\t\t\t\t<\/div>\n\t\t\t\t<\/div>\n\t\t\t\t<div class=\"elementor-element elementor-element-33cc471 elementor-widget-divider--view-line elementor-widget elementor-widget-divider\" data-id=\"33cc471\" data-element_type=\"widget\" data-e-type=\"widget\" data-widget_type=\"divider.default\">\n\t\t\t\t<div class=\"elementor-widget-container\">\n\t\t\t\t\t\t\t<div class=\"elementor-divider\">\n\t\t\t<span class=\"elementor-divider-separator\">\n\t\t\t\t\t\t<\/span>\n\t\t<\/div>\n\t\t\t\t\t\t<\/div>\n\t\t\t\t<\/div>\n\t\t\t\t\t<\/div>\n\t\t<\/div>\n\t\t\t\t<div class=\"elementor-column elementor-col-50 elementor-inner-column elementor-element elementor-element-7d90144\" data-id=\"7d90144\" data-element_type=\"column\" data-e-type=\"column\">\n\t\t\t<div class=\"elementor-widget-wrap elementor-element-populated\">\n\t\t\t\t\t\t<div class=\"elementor-element elementor-element-5c1efc2 elementor-widget elementor-widget-image\" data-id=\"5c1efc2\" data-element_type=\"widget\" data-e-type=\"widget\" data-widget_type=\"image.default\">\n\t\t\t\t<div class=\"elementor-widget-container\">\n\t\t\t\t\t\t\t\t\t\t\t\t\t\t\t<img fetchpriority=\"high\" decoding=\"async\" width=\"800\" height=\"286\" src=\"https:\/\/reconstruccionaccidentestrafico.com\/wp-content\/uploads\/2024\/06\/A-logo-long_-1024x366.png\" class=\"attachment-large size-large wp-image-18722\" alt=\"\" srcset=\"https:\/\/reconstruccionaccidentestrafico.com\/wp-content\/uploads\/2024\/06\/A-logo-long_-1024x366.png 1024w, https:\/\/reconstruccionaccidentestrafico.com\/wp-content\/uploads\/2024\/06\/A-logo-long_-300x107.png 300w, https:\/\/reconstruccionaccidentestrafico.com\/wp-content\/uploads\/2024\/06\/A-logo-long_-768x274.png 768w, https:\/\/reconstruccionaccidentestrafico.com\/wp-content\/uploads\/2024\/06\/A-logo-long_-180x64.png 180w, https:\/\/reconstruccionaccidentestrafico.com\/wp-content\/uploads\/2024\/06\/A-logo-long_-360x129.png 360w, https:\/\/reconstruccionaccidentestrafico.com\/wp-content\/uploads\/2024\/06\/A-logo-long_-640x229.png 640w, https:\/\/reconstruccionaccidentestrafico.com\/wp-content\/uploads\/2024\/06\/A-logo-long_-1366x488.png 1366w, https:\/\/reconstruccionaccidentestrafico.com\/wp-content\/uploads\/2024\/06\/A-logo-long_.png 1400w\" sizes=\"(max-width: 800px) 100vw, 800px\" \/>\t\t\t\t\t\t\t\t\t\t\t\t\t\t\t<\/div>\n\t\t\t\t<\/div>\n\t\t\t\t\t<\/div>\n\t\t<\/div>\n\t\t\t\t\t<\/div>\n\t\t<\/section>\n\t\t\t\t<div class=\"elementor-element elementor-element-c7a497c elementor-widget elementor-widget-hubspot-form\" data-id=\"c7a497c\" data-element_type=\"widget\" data-e-type=\"widget\" data-widget_type=\"hubspot-form.default\">\n\t\t\t\t<div class=\"elementor-widget-container\">\n\t\t\t\t\t\n\t\t\t\t\t\t<script>\n\t\t\t\t\t\t\twindow.hsFormsOnReady = window.hsFormsOnReady || [];\n\t\t\t\t\t\t\twindow.hsFormsOnReady.push(()=>{\n\t\t\t\t\t\t\t\thbspt.forms.create({\n\t\t\t\t\t\t\t\t\tportalId: 6821283,\n\t\t\t\t\t\t\t\t\tformId: \"8da307ef-d115-49c4-a050-f5c9f141e492\",\n\t\t\t\t\t\t\t\t\ttarget: \"#hbspt-form-1776935726000-1872390508\",\n\t\t\t\t\t\t\t\t\tregion: \"na1\",\n\t\t\t\t\t\t\t\t\t\n\t\t\t\t\t\t\t})});\n\t\t\t\t\t\t<\/script>\n\t\t\t\t\t\t<div class=\"hbspt-form\" id=\"hbspt-form-1776935726000-1872390508\"><\/div>\t\t\t\t<\/div>\n\t\t\t\t<\/div>\n\t\t\t\t\t<\/div>\n\t\t<\/div>\n\t\t\t\t\t<\/div>\n\t\t<\/section>\n\t\t\t\t<\/div>\n\t\t","protected":false},"excerpt":{"rendered":"<p>Cursos Tu Primera Simulaci\u00f3n con Analyzer Pro: Carga, Boceto y Movimiento 2 horas E By Ez9TmmQTtELKx Empezar el aprendizaje Curso Analyzer Pro Principiantes 5 horas 30 minutos E By Ez9TmmQTtELKx Inscripci\u00f3n en el curso Vull saber m\u00e9s!<\/p>\n","protected":false},"author":3,"featured_media":0,"parent":0,"menu_order":0,"comment_status":"closed","ping_status":"closed","template":"","meta":{"_acf_changed":false,"content-type":"","inline_featured_image":false,"_joinchat":[],"footnotes":""},"tags":[],"class_list":["post-20491","page","type-page","status-publish","hentry"],"acf":[],"yoast_head":"<!-- This site is optimized with the Yoast SEO plugin v25.6 - https:\/\/yoast.com\/wordpress\/plugins\/seo\/ -->\n<title>\u25b7Cursos - \u3010 Perito de Accidentes de Tr\u00e1fico en Barcelona | Investigaci\u00f3n y Reconstrucci\u00f3n \u3011<\/title>\n<meta name=\"description\" content=\"Cursos Tu Primera Simulaci\u00f3n con Analyzer Pro: Carga, Boceto y Movimiento 2 horas E By Ez9TmmQTtELKx Empezar el aprendizaje Curso Analyzer Pro \u2713\" \/>\n<meta name=\"robots\" content=\"index, follow, max-snippet:-1, max-image-preview:large, max-video-preview:-1\" \/>\n<link rel=\"canonical\" href=\"https:\/\/reconstruccionaccidentestrafico.com\/ca\/cursos\/\" \/>\n<meta property=\"og:locale\" content=\"ca_ES\" \/>\n<meta property=\"og:type\" content=\"article\" \/>\n<meta property=\"og:title\" content=\"\u25b7Cursos - \u3010 Perito de Accidentes de Tr\u00e1fico en Barcelona | Investigaci\u00f3n y Reconstrucci\u00f3n \u3011\" \/>\n<meta property=\"og:description\" content=\"Cursos Tu Primera Simulaci\u00f3n con Analyzer Pro: Carga, Boceto y Movimiento 2 horas E By Ez9TmmQTtELKx Empezar el aprendizaje Curso Analyzer Pro \u2713\" \/>\n<meta property=\"og:url\" content=\"https:\/\/reconstruccionaccidentestrafico.com\/ca\/cursos\/\" \/>\n<meta property=\"og:site_name\" content=\"Perito de Accidentes de Tr\u00e1fico en Barcelona | Investigaci\u00f3n y Reconstrucci\u00f3n\" \/>\n<meta property=\"article:modified_time\" content=\"2025-05-14T07:52:15+00:00\" \/>\n<meta property=\"og:image\" content=\"https:\/\/reconstruccionaccidentestrafico.com\/wp-content\/uploads\/2025\/05\/caratula-curso-introductorio-1-768x768.png\" \/>\n<meta name=\"twitter:card\" content=\"summary_large_image\" \/>\n<script type=\"application\/ld+json\" class=\"yoast-schema-graph\">{\"@context\":\"https:\/\/schema.org\",\"@graph\":[{\"@type\":\"WebPage\",\"@id\":\"https:\/\/reconstruccionaccidentestrafico.com\/ca\/cursos\/\",\"url\":\"https:\/\/reconstruccionaccidentestrafico.com\/ca\/cursos\/\",\"name\":\"\u25b7Cursos - \u3010 Perito de Accidentes de Tr\u00e1fico en Barcelona | Investigaci\u00f3n y Reconstrucci\u00f3n \u3011\",\"isPartOf\":{\"@id\":\"https:\/\/reconstruccionaccidentestrafico.com\/#website\"},\"primaryImageOfPage\":{\"@id\":\"https:\/\/reconstruccionaccidentestrafico.com\/ca\/cursos\/#primaryimage\"},\"image\":{\"@id\":\"https:\/\/reconstruccionaccidentestrafico.com\/ca\/cursos\/#primaryimage\"},\"thumbnailUrl\":\"https:\/\/reconstruccionaccidentestrafico.com\/wp-content\/uploads\/2025\/05\/caratula-curso-introductorio-1-768x768.png\",\"datePublished\":\"2025-05-12T14:35:37+00:00\",\"dateModified\":\"2025-05-14T07:52:15+00:00\",\"description\":\"Cursos Tu Primera Simulaci\u00f3n con Analyzer Pro: Carga, Boceto y Movimiento 2 horas E By Ez9TmmQTtELKx Empezar el aprendizaje Curso Analyzer Pro \u2713\",\"breadcrumb\":{\"@id\":\"https:\/\/reconstruccionaccidentestrafico.com\/ca\/cursos\/#breadcrumb\"},\"inLanguage\":\"ca\",\"potentialAction\":[{\"@type\":\"ReadAction\",\"target\":[\"https:\/\/reconstruccionaccidentestrafico.com\/ca\/cursos\/\"]}]},{\"@type\":\"ImageObject\",\"inLanguage\":\"ca\",\"@id\":\"https:\/\/reconstruccionaccidentestrafico.com\/ca\/cursos\/#primaryimage\",\"url\":\"https:\/\/reconstruccionaccidentestrafico.com\/wp-content\/uploads\/2025\/05\/caratula-curso-introductorio-1-768x768.png\",\"contentUrl\":\"https:\/\/reconstruccionaccidentestrafico.com\/wp-content\/uploads\/2025\/05\/caratula-curso-introductorio-1-768x768.png\"},{\"@type\":\"BreadcrumbList\",\"@id\":\"https:\/\/reconstruccionaccidentestrafico.com\/ca\/cursos\/#breadcrumb\",\"itemListElement\":[{\"@type\":\"ListItem\",\"position\":1,\"name\":\"Portada\",\"item\":\"https:\/\/reconstruccionaccidentestrafico.com\/\"},{\"@type\":\"ListItem\",\"position\":2,\"name\":\"Cursos\"}]},{\"@type\":\"WebSite\",\"@id\":\"https:\/\/reconstruccionaccidentestrafico.com\/#website\",\"url\":\"https:\/\/reconstruccionaccidentestrafico.com\/\",\"name\":\"Perito de Accidentes de Tr\u00e1fico en Barcelona | Investigaci\u00f3n y Reconstrucci\u00f3n\",\"description\":\"Just another WordPress site\",\"potentialAction\":[{\"@type\":\"SearchAction\",\"target\":{\"@type\":\"EntryPoint\",\"urlTemplate\":\"https:\/\/reconstruccionaccidentestrafico.com\/?s={search_term_string}\"},\"query-input\":{\"@type\":\"PropertyValueSpecification\",\"valueRequired\":true,\"valueName\":\"search_term_string\"}}],\"inLanguage\":\"ca\"}]}<\/script>\n<!-- \/ Yoast SEO plugin. -->","yoast_head_json":{"title":"\u25b7Cursos - \u3010 Perito de Accidentes de Tr\u00e1fico en Barcelona | Investigaci\u00f3n y Reconstrucci\u00f3n \u3011","description":"Cursos Tu Primera Simulaci\u00f3n con Analyzer Pro: Carga, Boceto y Movimiento 2 horas E By Ez9TmmQTtELKx Empezar el aprendizaje Curso Analyzer Pro \u2713","robots":{"index":"index","follow":"follow","max-snippet":"max-snippet:-1","max-image-preview":"max-image-preview:large","max-video-preview":"max-video-preview:-1"},"canonical":"https:\/\/reconstruccionaccidentestrafico.com\/ca\/cursos\/","og_locale":"ca_ES","og_type":"article","og_title":"\u25b7Cursos - \u3010 Perito de Accidentes de Tr\u00e1fico en Barcelona | Investigaci\u00f3n y Reconstrucci\u00f3n \u3011","og_description":"Cursos Tu Primera Simulaci\u00f3n con Analyzer Pro: Carga, Boceto y Movimiento 2 horas E By Ez9TmmQTtELKx Empezar el aprendizaje Curso Analyzer Pro \u2713","og_url":"https:\/\/reconstruccionaccidentestrafico.com\/ca\/cursos\/","og_site_name":"Perito de Accidentes de Tr\u00e1fico en Barcelona | Investigaci\u00f3n y Reconstrucci\u00f3n","article_modified_time":"2025-05-14T07:52:15+00:00","og_image":[{"url":"https:\/\/reconstruccionaccidentestrafico.com\/wp-content\/uploads\/2025\/05\/caratula-curso-introductorio-1-768x768.png","type":"","width":"","height":""}],"twitter_card":"summary_large_image","schema":{"@context":"https:\/\/schema.org","@graph":[{"@type":"WebPage","@id":"https:\/\/reconstruccionaccidentestrafico.com\/ca\/cursos\/","url":"https:\/\/reconstruccionaccidentestrafico.com\/ca\/cursos\/","name":"\u25b7Cursos - \u3010 Perito de Accidentes de Tr\u00e1fico en Barcelona | Investigaci\u00f3n y Reconstrucci\u00f3n \u3011","isPartOf":{"@id":"https:\/\/reconstruccionaccidentestrafico.com\/#website"},"primaryImageOfPage":{"@id":"https:\/\/reconstruccionaccidentestrafico.com\/ca\/cursos\/#primaryimage"},"image":{"@id":"https:\/\/reconstruccionaccidentestrafico.com\/ca\/cursos\/#primaryimage"},"thumbnailUrl":"https:\/\/reconstruccionaccidentestrafico.com\/wp-content\/uploads\/2025\/05\/caratula-curso-introductorio-1-768x768.png","datePublished":"2025-05-12T14:35:37+00:00","dateModified":"2025-05-14T07:52:15+00:00","description":"Cursos Tu Primera Simulaci\u00f3n con Analyzer Pro: Carga, Boceto y Movimiento 2 horas E By Ez9TmmQTtELKx Empezar el aprendizaje Curso Analyzer Pro \u2713","breadcrumb":{"@id":"https:\/\/reconstruccionaccidentestrafico.com\/ca\/cursos\/#breadcrumb"},"inLanguage":"ca","potentialAction":[{"@type":"ReadAction","target":["https:\/\/reconstruccionaccidentestrafico.com\/ca\/cursos\/"]}]},{"@type":"ImageObject","inLanguage":"ca","@id":"https:\/\/reconstruccionaccidentestrafico.com\/ca\/cursos\/#primaryimage","url":"https:\/\/reconstruccionaccidentestrafico.com\/wp-content\/uploads\/2025\/05\/caratula-curso-introductorio-1-768x768.png","contentUrl":"https:\/\/reconstruccionaccidentestrafico.com\/wp-content\/uploads\/2025\/05\/caratula-curso-introductorio-1-768x768.png"},{"@type":"BreadcrumbList","@id":"https:\/\/reconstruccionaccidentestrafico.com\/ca\/cursos\/#breadcrumb","itemListElement":[{"@type":"ListItem","position":1,"name":"Portada","item":"https:\/\/reconstruccionaccidentestrafico.com\/"},{"@type":"ListItem","position":2,"name":"Cursos"}]},{"@type":"WebSite","@id":"https:\/\/reconstruccionaccidentestrafico.com\/#website","url":"https:\/\/reconstruccionaccidentestrafico.com\/","name":"Perito de Accidentes de Tr\u00e1fico en Barcelona | Investigaci\u00f3n y Reconstrucci\u00f3n","description":"Just another WordPress site","potentialAction":[{"@type":"SearchAction","target":{"@type":"EntryPoint","urlTemplate":"https:\/\/reconstruccionaccidentestrafico.com\/?s={search_term_string}"},"query-input":{"@type":"PropertyValueSpecification","valueRequired":true,"valueName":"search_term_string"}}],"inLanguage":"ca"}]}},"_links":{"self":[{"href":"https:\/\/reconstruccionaccidentestrafico.com\/ca\/wp-json\/wp\/v2\/pages\/20491"}],"collection":[{"href":"https:\/\/reconstruccionaccidentestrafico.com\/ca\/wp-json\/wp\/v2\/pages"}],"about":[{"href":"https:\/\/reconstruccionaccidentestrafico.com\/ca\/wp-json\/wp\/v2\/types\/page"}],"author":[{"embeddable":true,"href":"https:\/\/reconstruccionaccidentestrafico.com\/ca\/wp-json\/wp\/v2\/users\/3"}],"replies":[{"embeddable":true,"href":"https:\/\/reconstruccionaccidentestrafico.com\/ca\/wp-json\/wp\/v2\/comments?post=20491"}],"version-history":[{"count":2,"href":"https:\/\/reconstruccionaccidentestrafico.com\/ca\/wp-json\/wp\/v2\/pages\/20491\/revisions"}],"predecessor-version":[{"id":20493,"href":"https:\/\/reconstruccionaccidentestrafico.com\/ca\/wp-json\/wp\/v2\/pages\/20491\/revisions\/20493"}],"wp:attachment":[{"href":"https:\/\/reconstruccionaccidentestrafico.com\/ca\/wp-json\/wp\/v2\/media?parent=20491"}],"wp:term":[{"taxonomy":"post_tag","embeddable":true,"href":"https:\/\/reconstruccionaccidentestrafico.com\/ca\/wp-json\/wp\/v2\/tags?post=20491"}],"curies":[{"name":"wp","href":"https:\/\/api.w.org\/{rel}","templated":true}]}}