{"id":19319,"date":"2024-06-05T09:37:12","date_gmt":"2024-06-05T07:37:12","guid":{"rendered":"https:\/\/reconstruccionaccidentestrafico.com\/simulacio-virtual\/"},"modified":"2024-08-06T06:34:53","modified_gmt":"2024-08-06T04:34:53","slug":"simulacio-virtual","status":"publish","type":"page","link":"https:\/\/reconstruccionaccidentestrafico.com\/ca\/simulacio-virtual\/","title":{"rendered":"Simulaci\u00f3 virtual"},"content":{"rendered":"\t\t<div data-elementor-type=\"wp-page\" data-elementor-id=\"19319\" class=\"elementor elementor-19319 elementor-17970\" data-elementor-post-type=\"page\">\n\t\t\t\t\t\t<section class=\"elementor-section elementor-top-section elementor-element elementor-element-74a8747 elementor-section-height-min-height elementor-section-boxed elementor-section-height-default elementor-section-items-middle\" data-id=\"74a8747\" data-element_type=\"section\" data-e-type=\"section\" data-settings=\"{&quot;background_background&quot;:&quot;classic&quot;}\">\n\t\t\t\t\t\t\t<div class=\"elementor-background-overlay\"><\/div>\n\t\t\t\t\t\t\t<div class=\"elementor-container elementor-column-gap-default\">\n\t\t\t\t\t<div class=\"elementor-column elementor-col-100 elementor-top-column elementor-element elementor-element-06e0c1a\" data-id=\"06e0c1a\" data-element_type=\"column\" data-e-type=\"column\">\n\t\t\t<div class=\"elementor-widget-wrap elementor-element-populated\">\n\t\t\t\t\t\t<div class=\"elementor-element elementor-element-1d140ed elementor-widget elementor-widget-heading\" data-id=\"1d140ed\" data-element_type=\"widget\" data-e-type=\"widget\" data-widget_type=\"heading.default\">\n\t\t\t\t<div class=\"elementor-widget-container\">\n\t\t\t\t\t<h1 class=\"elementor-heading-title elementor-size-default\">Simulaci\u00f3 virtual<\/h1>\t\t\t\t<\/div>\n\t\t\t\t<\/div>\n\t\t\t\t<div class=\"elementor-element elementor-element-71e1ced elementor-widget-divider--view-line elementor-widget elementor-widget-divider\" data-id=\"71e1ced\" data-element_type=\"widget\" data-e-type=\"widget\" data-widget_type=\"divider.default\">\n\t\t\t\t<div class=\"elementor-widget-container\">\n\t\t\t\t\t\t\t<div class=\"elementor-divider\">\n\t\t\t<span class=\"elementor-divider-separator\">\n\t\t\t\t\t\t<\/span>\n\t\t<\/div>\n\t\t\t\t\t\t<\/div>\n\t\t\t\t<\/div>\n\t\t\t\t\t<\/div>\n\t\t<\/div>\n\t\t\t\t\t<\/div>\n\t\t<\/section>\n\t\t\t\t<section class=\"elementor-section elementor-top-section elementor-element elementor-element-fb54414 elementor-section-height-min-height elementor-section-boxed elementor-section-height-default elementor-section-items-middle\" data-id=\"fb54414\" data-element_type=\"section\" data-e-type=\"section\">\n\t\t\t\t\t\t<div class=\"elementor-container elementor-column-gap-default\">\n\t\t\t\t\t<div class=\"elementor-column elementor-col-100 elementor-top-column elementor-element elementor-element-99ad9bf elementor-invisible\" data-id=\"99ad9bf\" data-element_type=\"column\" data-e-type=\"column\" data-settings=\"{&quot;animation&quot;:&quot;slideInRight&quot;}\">\n\t\t\t<div class=\"elementor-widget-wrap elementor-element-populated\">\n\t\t\t\t\t\t<section class=\"elementor-section elementor-inner-section elementor-element elementor-element-1c32a8f elementor-section-boxed elementor-section-height-default elementor-section-height-default\" data-id=\"1c32a8f\" data-element_type=\"section\" data-e-type=\"section\">\n\t\t\t\t\t\t<div class=\"elementor-container elementor-column-gap-default\">\n\t\t\t\t\t<div class=\"elementor-column elementor-col-50 elementor-inner-column elementor-element elementor-element-c0e0428\" data-id=\"c0e0428\" data-element_type=\"column\" data-e-type=\"column\">\n\t\t\t<div class=\"elementor-widget-wrap elementor-element-populated\">\n\t\t\t\t\t\t<div class=\"elementor-element elementor-element-0bebb7a elementor-widget elementor-widget-heading\" data-id=\"0bebb7a\" data-element_type=\"widget\" data-e-type=\"widget\" data-widget_type=\"heading.default\">\n\t\t\t\t<div class=\"elementor-widget-container\">\n\t\t\t\t\t<h2 class=\"elementor-heading-title elementor-size-default\">Una eina essencial<\/h2>\t\t\t\t<\/div>\n\t\t\t\t<\/div>\n\t\t\t\t<div class=\"elementor-element elementor-element-f1e4ce7 elementor-widget-divider--view-line elementor-widget elementor-widget-divider\" data-id=\"f1e4ce7\" data-element_type=\"widget\" data-e-type=\"widget\" data-widget_type=\"divider.default\">\n\t\t\t\t<div class=\"elementor-widget-container\">\n\t\t\t\t\t\t\t<div class=\"elementor-divider\">\n\t\t\t<span class=\"elementor-divider-separator\">\n\t\t\t\t\t\t<\/span>\n\t\t<\/div>\n\t\t\t\t\t\t<\/div>\n\t\t\t\t<\/div>\n\t\t\t\t<div class=\"elementor-element elementor-element-cc8a486 elementor-widget elementor-widget-text-editor\" data-id=\"cc8a486\" data-element_type=\"widget\" data-e-type=\"widget\" data-widget_type=\"text-editor.default\">\n\t\t\t\t<div class=\"elementor-widget-container\">\n\t\t\t\t\t\t\t\t\t<p>A difer\u00e8ncia de la infografia o animaci\u00f3 virtual, la simulaci\u00f3 \u00e9s la representaci\u00f3 virtual de l&#8217;accident de tr\u00e0nsit com a resultat de l&#8217;aplicaci\u00f3 de models f\u00edsic-matem\u00e0tics als par\u00e0metres d&#8217;entrada i mitjan\u00e7ant un programari inform\u00e0tic.<\/p>\n\t\t\t\t\t\t\t\t<\/div>\n\t\t\t\t<\/div>\n\t\t\t\t\t<\/div>\n\t\t<\/div>\n\t\t\t\t<div class=\"elementor-column elementor-col-50 elementor-inner-column elementor-element elementor-element-d5c712a\" data-id=\"d5c712a\" data-element_type=\"column\" data-e-type=\"column\" data-settings=\"{&quot;background_background&quot;:&quot;classic&quot;}\">\n\t\t\t<div class=\"elementor-widget-wrap elementor-element-populated\">\n\t\t\t\t\t\t<div class=\"elementor-element elementor-element-07dd993 elementor-widget elementor-widget-spacer\" data-id=\"07dd993\" data-element_type=\"widget\" data-e-type=\"widget\" data-widget_type=\"spacer.default\">\n\t\t\t\t<div class=\"elementor-widget-container\">\n\t\t\t\t\t\t\t<div class=\"elementor-spacer\">\n\t\t\t<div class=\"elementor-spacer-inner\"><\/div>\n\t\t<\/div>\n\t\t\t\t\t\t<\/div>\n\t\t\t\t<\/div>\n\t\t\t\t\t<\/div>\n\t\t<\/div>\n\t\t\t\t\t<\/div>\n\t\t<\/section>\n\t\t\t\t\t<\/div>\n\t\t<\/div>\n\t\t\t\t\t<\/div>\n\t\t<\/section>\n\t\t\t\t<section class=\"elementor-section elementor-top-section elementor-element elementor-element-ebb7489 elementor-section-boxed elementor-section-height-default elementor-section-height-default\" data-id=\"ebb7489\" data-element_type=\"section\" data-e-type=\"section\">\n\t\t\t\t\t\t\t<div class=\"elementor-background-overlay\"><\/div>\n\t\t\t\t\t\t\t<div class=\"elementor-container elementor-column-gap-default\">\n\t\t\t\t\t<div class=\"elementor-column elementor-col-100 elementor-top-column elementor-element elementor-element-0c83094 elementor-invisible\" data-id=\"0c83094\" data-element_type=\"column\" data-e-type=\"column\" data-settings=\"{&quot;animation&quot;:&quot;slideInLeft&quot;}\">\n\t\t\t<div class=\"elementor-widget-wrap elementor-element-populated\">\n\t\t\t\t\t\t<section class=\"elementor-section elementor-inner-section elementor-element elementor-element-9404a2d elementor-section-boxed elementor-section-height-default elementor-section-height-default\" data-id=\"9404a2d\" data-element_type=\"section\" data-e-type=\"section\">\n\t\t\t\t\t\t<div class=\"elementor-container elementor-column-gap-default\">\n\t\t\t\t\t<div class=\"elementor-column elementor-col-50 elementor-inner-column elementor-element elementor-element-9413035\" data-id=\"9413035\" data-element_type=\"column\" data-e-type=\"column\" data-settings=\"{&quot;background_background&quot;:&quot;classic&quot;}\">\n\t\t\t<div class=\"elementor-widget-wrap elementor-element-populated\">\n\t\t\t\t\t\t<div class=\"elementor-element elementor-element-9647e59 elementor-widget elementor-widget-spacer\" data-id=\"9647e59\" data-element_type=\"widget\" data-e-type=\"widget\" data-widget_type=\"spacer.default\">\n\t\t\t\t<div class=\"elementor-widget-container\">\n\t\t\t\t\t\t\t<div class=\"elementor-spacer\">\n\t\t\t<div class=\"elementor-spacer-inner\"><\/div>\n\t\t<\/div>\n\t\t\t\t\t\t<\/div>\n\t\t\t\t<\/div>\n\t\t\t\t\t<\/div>\n\t\t<\/div>\n\t\t\t\t<div class=\"elementor-column elementor-col-50 elementor-inner-column elementor-element elementor-element-4d6c67b\" data-id=\"4d6c67b\" data-element_type=\"column\" data-e-type=\"column\">\n\t\t\t<div class=\"elementor-widget-wrap elementor-element-populated\">\n\t\t\t\t\t\t<div class=\"elementor-element elementor-element-2c957fe elementor-widget elementor-widget-heading\" data-id=\"2c957fe\" data-element_type=\"widget\" data-e-type=\"widget\" data-widget_type=\"heading.default\">\n\t\t\t\t<div class=\"elementor-widget-container\">\n\t\t\t\t\t<h2 class=\"elementor-heading-title elementor-size-default\">Formaci\u00f3 i experi\u00e8ncia<\/h2>\t\t\t\t<\/div>\n\t\t\t\t<\/div>\n\t\t\t\t<div class=\"elementor-element elementor-element-f537012 elementor-widget-divider--view-line elementor-widget elementor-widget-divider\" data-id=\"f537012\" data-element_type=\"widget\" data-e-type=\"widget\" data-widget_type=\"divider.default\">\n\t\t\t\t<div class=\"elementor-widget-container\">\n\t\t\t\t\t\t\t<div class=\"elementor-divider\">\n\t\t\t<span class=\"elementor-divider-separator\">\n\t\t\t\t\t\t<\/span>\n\t\t<\/div>\n\t\t\t\t\t\t<\/div>\n\t\t\t\t<\/div>\n\t\t\t\t<div class=\"elementor-element elementor-element-cdb9c62 elementor-widget elementor-widget-text-editor\" data-id=\"cdb9c62\" data-element_type=\"widget\" data-e-type=\"widget\" data-widget_type=\"text-editor.default\">\n\t\t\t\t<div class=\"elementor-widget-container\">\n\t\t\t\t\t\t\t\t\t<p>A Ipsum disposem d&#8217;una \u00e0mplia formaci\u00f3 i experi\u00e8ncia en simulaci\u00f3 virtual. Per fer-ho, utilitzem diferents programes de simulaci\u00f3 que permeten, a m\u00e9s d&#8217; un resultat t\u00e8cnicament rigor\u00f3s, un resultat de gran realitat i detall. El producte visual de la simulaci\u00f3 en forma de v\u00eddeo permet explicar la mec\u00e0nica de l&#8217;accident d&#8217;una manera clara i senzilla, la qual cosa la converteix en una eina molt interessant a l&#8217;hora de defensar l&#8217;informe davant el jutjat.<\/p>\t\t\t\t\t\t\t\t<\/div>\n\t\t\t\t<\/div>\n\t\t\t\t\t<\/div>\n\t\t<\/div>\n\t\t\t\t\t<\/div>\n\t\t<\/section>\n\t\t\t\t\t<\/div>\n\t\t<\/div>\n\t\t\t\t\t<\/div>\n\t\t<\/section>\n\t\t\t\t<section class=\"elementor-section elementor-top-section elementor-element elementor-element-7c6e143 elementor-section-full_width elementor-section-height-default elementor-section-height-default\" data-id=\"7c6e143\" data-element_type=\"section\" data-e-type=\"section\">\n\t\t\t\t\t\t<div class=\"elementor-container elementor-column-gap-default\">\n\t\t\t\t\t<div class=\"elementor-column elementor-col-100 elementor-top-column elementor-element elementor-element-c4cb73c\" data-id=\"c4cb73c\" data-element_type=\"column\" data-e-type=\"column\">\n\t\t\t<div class=\"elementor-widget-wrap elementor-element-populated\">\n\t\t\t\t\t\t<div class=\"elementor-element elementor-element-8b60576 elementor-widget elementor-widget-template\" data-id=\"8b60576\" data-element_type=\"widget\" data-e-type=\"widget\" data-widget_type=\"template.default\">\n\t\t\t\t<div class=\"elementor-widget-container\">\n\t\t\t\t\t\t\t<div class=\"elementor-template\">\n\t\t\t\t\t<div data-elementor-type=\"section\" data-elementor-id=\"19419\" class=\"elementor elementor-19419 elementor-17346 elementor-17346\" data-elementor-post-type=\"elementor_library\">\n\t\t\t\t\t<section class=\"elementor-section elementor-top-section elementor-element elementor-element-fb7ebb3 elementor-reverse-mobile elementor-section-boxed elementor-section-height-default elementor-section-height-default\" data-id=\"fb7ebb3\" data-element_type=\"section\" data-e-type=\"section\" data-settings=\"{&quot;background_background&quot;:&quot;classic&quot;}\">\n\t\t\t\t\t\t\t<div class=\"elementor-background-overlay\"><\/div>\n\t\t\t\t\t\t\t<div class=\"elementor-container elementor-column-gap-default\">\n\t\t\t\t\t<div class=\"elementor-column elementor-col-100 elementor-top-column elementor-element elementor-element-cbb9ea8\" data-id=\"cbb9ea8\" data-element_type=\"column\" data-e-type=\"column\">\n\t\t\t<div class=\"elementor-widget-wrap elementor-element-populated\">\n\t\t\t\t\t\t<section class=\"elementor-section elementor-inner-section elementor-element elementor-element-cd4fbc0 elementor-reverse-mobile elementor-section-boxed elementor-section-height-default elementor-section-height-default\" data-id=\"cd4fbc0\" data-element_type=\"section\" data-e-type=\"section\">\n\t\t\t\t\t\t<div class=\"elementor-container elementor-column-gap-default\">\n\t\t\t\t\t<div class=\"elementor-column elementor-col-50 elementor-inner-column elementor-element elementor-element-e18b33c\" data-id=\"e18b33c\" data-element_type=\"column\" data-e-type=\"column\" data-settings=\"{&quot;background_background&quot;:&quot;classic&quot;}\">\n\t\t\t<div class=\"elementor-widget-wrap elementor-element-populated\">\n\t\t\t\t\t\t<div class=\"elementor-element elementor-element-04edc01 elementor-widget elementor-widget-heading\" data-id=\"04edc01\" data-element_type=\"widget\" data-e-type=\"widget\" data-widget_type=\"heading.default\">\n\t\t\t\t<div class=\"elementor-widget-container\">\n\t\t\t\t\t<h2 class=\"elementor-heading-title elementor-size-default\">Necessites ajuda?<\/h2>\t\t\t\t<\/div>\n\t\t\t\t<\/div>\n\t\t\t\t<div class=\"elementor-element elementor-element-6d63231 elementor-widget elementor-widget-hubspot-form\" data-id=\"6d63231\" data-element_type=\"widget\" data-e-type=\"widget\" data-widget_type=\"hubspot-form.default\">\n\t\t\t\t<div class=\"elementor-widget-container\">\n\t\t\t\t\t\n\t\t\t\t\t\t<script>\n\t\t\t\t\t\t\twindow.hsFormsOnReady = window.hsFormsOnReady || [];\n\t\t\t\t\t\t\twindow.hsFormsOnReady.push(()=>{\n\t\t\t\t\t\t\t\thbspt.forms.create({\n\t\t\t\t\t\t\t\t\tportalId: 6821283,\n\t\t\t\t\t\t\t\t\tformId: \"2c0a8303-d3f7-4e74-b266-53ef2c6be828\",\n\t\t\t\t\t\t\t\t\ttarget: \"#hbspt-form-1778762959000-3399129436\",\n\t\t\t\t\t\t\t\t\tregion: \"na1\",\n\t\t\t\t\t\t\t\t\t\n\t\t\t\t\t\t\t})});\n\t\t\t\t\t\t<\/script>\n\t\t\t\t\t\t<div class=\"hbspt-form\" id=\"hbspt-form-1778762959000-3399129436\"><\/div>\t\t\t\t<\/div>\n\t\t\t\t<\/div>\n\t\t\t\t\t<\/div>\n\t\t<\/div>\n\t\t\t\t<div class=\"elementor-column elementor-col-50 elementor-inner-column elementor-element elementor-element-81efbed\" data-id=\"81efbed\" data-element_type=\"column\" data-e-type=\"column\">\n\t\t\t<div class=\"elementor-widget-wrap elementor-element-populated\">\n\t\t\t\t\t\t<div class=\"elementor-element elementor-element-2915d07 elementor-widget elementor-widget-heading\" data-id=\"2915d07\" data-element_type=\"widget\" data-e-type=\"widget\" data-widget_type=\"heading.default\">\n\t\t\t\t<div class=\"elementor-widget-container\">\n\t\t\t\t\t<p class=\"elementor-heading-title elementor-size-default\">DEIXA QUE T'AJUDEM!<\/p>\t\t\t\t<\/div>\n\t\t\t\t<\/div>\n\t\t\t\t<div class=\"elementor-element elementor-element-727a59e elementor-widget elementor-widget-text-editor\" data-id=\"727a59e\" data-element_type=\"widget\" data-e-type=\"widget\" data-widget_type=\"text-editor.default\">\n\t\t\t\t<div class=\"elementor-widget-container\">\n\t\t\t\t\t\t\t\t\t<p>Demana un estudi de viabilitat estimatiu gratu\u00eft per saber si la reconstrucci\u00f3 seria favorable als teus interessos<\/p>\n\t\t\t\t\t\t\t\t<\/div>\n\t\t\t\t<\/div>\n\t\t\t\t\t<\/div>\n\t\t<\/div>\n\t\t\t\t\t<\/div>\n\t\t<\/section>\n\t\t\t\t\t<\/div>\n\t\t<\/div>\n\t\t\t\t\t<\/div>\n\t\t<\/section>\n\t\t\t\t<\/div>\n\t\t\t\t<\/div>\n\t\t\t\t\t\t<\/div>\n\t\t\t\t<\/div>\n\t\t\t\t\t<\/div>\n\t\t<\/div>\n\t\t\t\t\t<\/div>\n\t\t<\/section>\n\t\t\t\t<\/div>\n\t\t","protected":false},"excerpt":{"rendered":"<p>Simulaci\u00f3 virtual Una eina essencial A difer\u00e8ncia de la infografia o animaci\u00f3 virtual, la simulaci\u00f3 \u00e9s la representaci\u00f3 virtual de l&#8217;accident de tr\u00e0nsit com a resultat de l&#8217;aplicaci\u00f3 de models f\u00edsic-matem\u00e0tics als par\u00e0metres d&#8217;entrada i mitjan\u00e7ant un programari inform\u00e0tic. Formaci\u00f3 i experi\u00e8ncia A Ipsum disposem d&#8217;una \u00e0mplia formaci\u00f3 i experi\u00e8ncia en simulaci\u00f3 virtual. Per fer-ho, [&hellip;]<\/p>\n","protected":false},"author":3,"featured_media":0,"parent":0,"menu_order":0,"comment_status":"closed","ping_status":"closed","template":"","meta":{"_acf_changed":false,"content-type":"","inline_featured_image":false,"_joinchat":[],"footnotes":""},"tags":[],"class_list":["post-19319","page","type-page","status-publish","hentry"],"acf":[],"yoast_head":"<!-- This site is optimized with the Yoast SEO plugin v25.6 - https:\/\/yoast.com\/wordpress\/plugins\/seo\/ -->\n<title>\u25b7Simulaci\u00f3 virtual - \u3010 Perito de Accidentes de Tr\u00e1fico en Barcelona | Investigaci\u00f3n y Reconstrucci\u00f3n \u3011<\/title>\n<meta name=\"description\" content=\"Simulaci\u00f3 virtual Una eina essencial A difer\u00e8ncia de la infografia o animaci\u00f3 virtual, la simulaci\u00f3 \u00e9s la representaci\u00f3 virtual de l&#039;accident de tr\u00e0nsit \u2713\" \/>\n<meta name=\"robots\" content=\"index, follow, max-snippet:-1, max-image-preview:large, max-video-preview:-1\" \/>\n<link rel=\"canonical\" href=\"https:\/\/reconstruccionaccidentestrafico.com\/ca\/simulacio-virtual\/\" \/>\n<meta property=\"og:locale\" content=\"ca_ES\" \/>\n<meta property=\"og:type\" content=\"article\" \/>\n<meta property=\"og:title\" content=\"\u25b7Simulaci\u00f3 virtual - \u3010 Perito de Accidentes de Tr\u00e1fico en Barcelona | Investigaci\u00f3n y Reconstrucci\u00f3n \u3011\" \/>\n<meta property=\"og:description\" content=\"Simulaci\u00f3 virtual Una eina essencial A difer\u00e8ncia de la infografia o animaci\u00f3 virtual, la simulaci\u00f3 \u00e9s la representaci\u00f3 virtual de l&#039;accident de tr\u00e0nsit \u2713\" \/>\n<meta property=\"og:url\" content=\"https:\/\/reconstruccionaccidentestrafico.com\/ca\/simulacio-virtual\/\" \/>\n<meta property=\"og:site_name\" content=\"Perito de Accidentes de Tr\u00e1fico en Barcelona | Investigaci\u00f3n y Reconstrucci\u00f3n\" \/>\n<meta property=\"article:modified_time\" content=\"2024-08-06T04:34:53+00:00\" \/>\n<meta name=\"twitter:card\" content=\"summary_large_image\" \/>\n<meta name=\"twitter:label1\" content=\"Temps estimat de lectura\" \/>\n\t<meta name=\"twitter:data1\" content=\"1 minut\" \/>\n<script type=\"application\/ld+json\" class=\"yoast-schema-graph\">{\"@context\":\"https:\/\/schema.org\",\"@graph\":[{\"@type\":\"WebPage\",\"@id\":\"https:\/\/reconstruccionaccidentestrafico.com\/ca\/simulacio-virtual\/\",\"url\":\"https:\/\/reconstruccionaccidentestrafico.com\/ca\/simulacio-virtual\/\",\"name\":\"\u25b7Simulaci\u00f3 virtual - \u3010 Perito de Accidentes de Tr\u00e1fico en Barcelona | Investigaci\u00f3n y Reconstrucci\u00f3n \u3011\",\"isPartOf\":{\"@id\":\"https:\/\/reconstruccionaccidentestrafico.com\/#website\"},\"datePublished\":\"2024-06-05T07:37:12+00:00\",\"dateModified\":\"2024-08-06T04:34:53+00:00\",\"description\":\"Simulaci\u00f3 virtual Una eina essencial A difer\u00e8ncia de la infografia o animaci\u00f3 virtual, la simulaci\u00f3 \u00e9s la representaci\u00f3 virtual de l'accident de tr\u00e0nsit \u2713\",\"breadcrumb\":{\"@id\":\"https:\/\/reconstruccionaccidentestrafico.com\/ca\/simulacio-virtual\/#breadcrumb\"},\"inLanguage\":\"ca\",\"potentialAction\":[{\"@type\":\"ReadAction\",\"target\":[\"https:\/\/reconstruccionaccidentestrafico.com\/ca\/simulacio-virtual\/\"]}]},{\"@type\":\"BreadcrumbList\",\"@id\":\"https:\/\/reconstruccionaccidentestrafico.com\/ca\/simulacio-virtual\/#breadcrumb\",\"itemListElement\":[{\"@type\":\"ListItem\",\"position\":1,\"name\":\"Portada\",\"item\":\"https:\/\/reconstruccionaccidentestrafico.com\/\"},{\"@type\":\"ListItem\",\"position\":2,\"name\":\"Simulaci\u00f3 virtual\"}]},{\"@type\":\"WebSite\",\"@id\":\"https:\/\/reconstruccionaccidentestrafico.com\/#website\",\"url\":\"https:\/\/reconstruccionaccidentestrafico.com\/\",\"name\":\"Perito de Accidentes de Tr\u00e1fico en Barcelona | Investigaci\u00f3n y Reconstrucci\u00f3n\",\"description\":\"Just another WordPress site\",\"potentialAction\":[{\"@type\":\"SearchAction\",\"target\":{\"@type\":\"EntryPoint\",\"urlTemplate\":\"https:\/\/reconstruccionaccidentestrafico.com\/?s={search_term_string}\"},\"query-input\":{\"@type\":\"PropertyValueSpecification\",\"valueRequired\":true,\"valueName\":\"search_term_string\"}}],\"inLanguage\":\"ca\"}]}<\/script>\n<!-- \/ Yoast SEO plugin. -->","yoast_head_json":{"title":"\u25b7Simulaci\u00f3 virtual - \u3010 Perito de Accidentes de Tr\u00e1fico en Barcelona | Investigaci\u00f3n y Reconstrucci\u00f3n \u3011","description":"Simulaci\u00f3 virtual Una eina essencial A difer\u00e8ncia de la infografia o animaci\u00f3 virtual, la simulaci\u00f3 \u00e9s la representaci\u00f3 virtual de l'accident de tr\u00e0nsit \u2713","robots":{"index":"index","follow":"follow","max-snippet":"max-snippet:-1","max-image-preview":"max-image-preview:large","max-video-preview":"max-video-preview:-1"},"canonical":"https:\/\/reconstruccionaccidentestrafico.com\/ca\/simulacio-virtual\/","og_locale":"ca_ES","og_type":"article","og_title":"\u25b7Simulaci\u00f3 virtual - \u3010 Perito de Accidentes de Tr\u00e1fico en Barcelona | Investigaci\u00f3n y Reconstrucci\u00f3n \u3011","og_description":"Simulaci\u00f3 virtual Una eina essencial A difer\u00e8ncia de la infografia o animaci\u00f3 virtual, la simulaci\u00f3 \u00e9s la representaci\u00f3 virtual de l'accident de tr\u00e0nsit \u2713","og_url":"https:\/\/reconstruccionaccidentestrafico.com\/ca\/simulacio-virtual\/","og_site_name":"Perito de Accidentes de Tr\u00e1fico en Barcelona | Investigaci\u00f3n y Reconstrucci\u00f3n","article_modified_time":"2024-08-06T04:34:53+00:00","twitter_card":"summary_large_image","twitter_misc":{"Temps estimat de lectura":"1 minut"},"schema":{"@context":"https:\/\/schema.org","@graph":[{"@type":"WebPage","@id":"https:\/\/reconstruccionaccidentestrafico.com\/ca\/simulacio-virtual\/","url":"https:\/\/reconstruccionaccidentestrafico.com\/ca\/simulacio-virtual\/","name":"\u25b7Simulaci\u00f3 virtual - \u3010 Perito de Accidentes de Tr\u00e1fico en Barcelona | Investigaci\u00f3n y Reconstrucci\u00f3n \u3011","isPartOf":{"@id":"https:\/\/reconstruccionaccidentestrafico.com\/#website"},"datePublished":"2024-06-05T07:37:12+00:00","dateModified":"2024-08-06T04:34:53+00:00","description":"Simulaci\u00f3 virtual Una eina essencial A difer\u00e8ncia de la infografia o animaci\u00f3 virtual, la simulaci\u00f3 \u00e9s la representaci\u00f3 virtual de l'accident de tr\u00e0nsit \u2713","breadcrumb":{"@id":"https:\/\/reconstruccionaccidentestrafico.com\/ca\/simulacio-virtual\/#breadcrumb"},"inLanguage":"ca","potentialAction":[{"@type":"ReadAction","target":["https:\/\/reconstruccionaccidentestrafico.com\/ca\/simulacio-virtual\/"]}]},{"@type":"BreadcrumbList","@id":"https:\/\/reconstruccionaccidentestrafico.com\/ca\/simulacio-virtual\/#breadcrumb","itemListElement":[{"@type":"ListItem","position":1,"name":"Portada","item":"https:\/\/reconstruccionaccidentestrafico.com\/"},{"@type":"ListItem","position":2,"name":"Simulaci\u00f3 virtual"}]},{"@type":"WebSite","@id":"https:\/\/reconstruccionaccidentestrafico.com\/#website","url":"https:\/\/reconstruccionaccidentestrafico.com\/","name":"Perito de Accidentes de Tr\u00e1fico en Barcelona | Investigaci\u00f3n y Reconstrucci\u00f3n","description":"Just another WordPress site","potentialAction":[{"@type":"SearchAction","target":{"@type":"EntryPoint","urlTemplate":"https:\/\/reconstruccionaccidentestrafico.com\/?s={search_term_string}"},"query-input":{"@type":"PropertyValueSpecification","valueRequired":true,"valueName":"search_term_string"}}],"inLanguage":"ca"}]}},"_links":{"self":[{"href":"https:\/\/reconstruccionaccidentestrafico.com\/ca\/wp-json\/wp\/v2\/pages\/19319"}],"collection":[{"href":"https:\/\/reconstruccionaccidentestrafico.com\/ca\/wp-json\/wp\/v2\/pages"}],"about":[{"href":"https:\/\/reconstruccionaccidentestrafico.com\/ca\/wp-json\/wp\/v2\/types\/page"}],"author":[{"embeddable":true,"href":"https:\/\/reconstruccionaccidentestrafico.com\/ca\/wp-json\/wp\/v2\/users\/3"}],"replies":[{"embeddable":true,"href":"https:\/\/reconstruccionaccidentestrafico.com\/ca\/wp-json\/wp\/v2\/comments?post=19319"}],"version-history":[{"count":0,"href":"https:\/\/reconstruccionaccidentestrafico.com\/ca\/wp-json\/wp\/v2\/pages\/19319\/revisions"}],"wp:attachment":[{"href":"https:\/\/reconstruccionaccidentestrafico.com\/ca\/wp-json\/wp\/v2\/media?parent=19319"}],"wp:term":[{"taxonomy":"post_tag","embeddable":true,"href":"https:\/\/reconstruccionaccidentestrafico.com\/ca\/wp-json\/wp\/v2\/tags?post=19319"}],"curies":[{"name":"wp","href":"https:\/\/api.w.org\/{rel}","templated":true}]}}