{"id":19295,"date":"2024-06-05T09:36:59","date_gmt":"2024-06-05T07:36:59","guid":{"rendered":"https:\/\/reconstruccionaccidentestrafico.com\/calcul-de-velocitat\/"},"modified":"2024-08-06T06:20:26","modified_gmt":"2024-08-06T04:20:26","slug":"calcul-de-velocitat","status":"publish","type":"page","link":"https:\/\/reconstruccionaccidentestrafico.com\/ca\/calcul-de-velocitat\/","title":{"rendered":"C\u00e0lcul de velocitat"},"content":{"rendered":"\t\t<div data-elementor-type=\"wp-page\" data-elementor-id=\"19295\" class=\"elementor elementor-19295 elementor-17968\" data-elementor-post-type=\"page\">\n\t\t\t\t\t\t<section class=\"elementor-section elementor-top-section elementor-element elementor-element-1bf0f0a elementor-section-height-min-height elementor-section-boxed elementor-section-height-default elementor-section-items-middle\" data-id=\"1bf0f0a\" data-element_type=\"section\" data-e-type=\"section\" data-settings=\"{&quot;background_background&quot;:&quot;classic&quot;}\">\n\t\t\t\t\t\t\t<div class=\"elementor-background-overlay\"><\/div>\n\t\t\t\t\t\t\t<div class=\"elementor-container elementor-column-gap-default\">\n\t\t\t\t\t<div class=\"elementor-column elementor-col-100 elementor-top-column elementor-element elementor-element-c40795f\" data-id=\"c40795f\" data-element_type=\"column\" data-e-type=\"column\">\n\t\t\t<div class=\"elementor-widget-wrap elementor-element-populated\">\n\t\t\t\t\t\t<div class=\"elementor-element elementor-element-4c85092 elementor-widget elementor-widget-heading\" data-id=\"4c85092\" data-element_type=\"widget\" data-e-type=\"widget\" data-widget_type=\"heading.default\">\n\t\t\t\t<div class=\"elementor-widget-container\">\n\t\t\t\t\t<h1 class=\"elementor-heading-title elementor-size-default\">C\u00e0lcul de velocitat<\/h1>\t\t\t\t<\/div>\n\t\t\t\t<\/div>\n\t\t\t\t<div class=\"elementor-element elementor-element-e7058cd elementor-widget-divider--view-line elementor-widget elementor-widget-divider\" data-id=\"e7058cd\" data-element_type=\"widget\" data-e-type=\"widget\" data-widget_type=\"divider.default\">\n\t\t\t\t<div class=\"elementor-widget-container\">\n\t\t\t\t\t\t\t<div class=\"elementor-divider\">\n\t\t\t<span class=\"elementor-divider-separator\">\n\t\t\t\t\t\t<\/span>\n\t\t<\/div>\n\t\t\t\t\t\t<\/div>\n\t\t\t\t<\/div>\n\t\t\t\t\t<\/div>\n\t\t<\/div>\n\t\t\t\t\t<\/div>\n\t\t<\/section>\n\t\t\t\t<section class=\"elementor-section elementor-top-section elementor-element elementor-element-cfe1ed9 elementor-section-height-min-height elementor-section-boxed elementor-section-height-default elementor-section-items-middle\" data-id=\"cfe1ed9\" data-element_type=\"section\" data-e-type=\"section\">\n\t\t\t\t\t\t<div class=\"elementor-container elementor-column-gap-default\">\n\t\t\t\t\t<div class=\"elementor-column elementor-col-100 elementor-top-column elementor-element elementor-element-00cacad elementor-invisible\" data-id=\"00cacad\" data-element_type=\"column\" data-e-type=\"column\" data-settings=\"{&quot;animation&quot;:&quot;slideInRight&quot;}\">\n\t\t\t<div class=\"elementor-widget-wrap elementor-element-populated\">\n\t\t\t\t\t\t<section class=\"elementor-section elementor-inner-section elementor-element elementor-element-854e5c9 elementor-section-boxed elementor-section-height-default elementor-section-height-default\" data-id=\"854e5c9\" data-element_type=\"section\" data-e-type=\"section\">\n\t\t\t\t\t\t<div class=\"elementor-container elementor-column-gap-default\">\n\t\t\t\t\t<div class=\"elementor-column elementor-col-50 elementor-inner-column elementor-element elementor-element-6ab7dbd\" data-id=\"6ab7dbd\" data-element_type=\"column\" data-e-type=\"column\">\n\t\t\t<div class=\"elementor-widget-wrap elementor-element-populated\">\n\t\t\t\t\t\t<div class=\"elementor-element elementor-element-031933d elementor-widget elementor-widget-heading\" data-id=\"031933d\" data-element_type=\"widget\" data-e-type=\"widget\" data-widget_type=\"heading.default\">\n\t\t\t\t<div class=\"elementor-widget-container\">\n\t\t\t\t\t<h2 class=\"elementor-heading-title elementor-size-default\">C\u00e0lcul de la velocitat<\/h2>\t\t\t\t<\/div>\n\t\t\t\t<\/div>\n\t\t\t\t<div class=\"elementor-element elementor-element-3d0042a elementor-widget-divider--view-line elementor-widget elementor-widget-divider\" data-id=\"3d0042a\" data-element_type=\"widget\" data-e-type=\"widget\" data-widget_type=\"divider.default\">\n\t\t\t\t<div class=\"elementor-widget-container\">\n\t\t\t\t\t\t\t<div class=\"elementor-divider\">\n\t\t\t<span class=\"elementor-divider-separator\">\n\t\t\t\t\t\t<\/span>\n\t\t<\/div>\n\t\t\t\t\t\t<\/div>\n\t\t\t\t<\/div>\n\t\t\t\t<div class=\"elementor-element elementor-element-c67e67f elementor-widget elementor-widget-text-editor\" data-id=\"c67e67f\" data-element_type=\"widget\" data-e-type=\"widget\" data-widget_type=\"text-editor.default\">\n\t\t\t\t<div class=\"elementor-widget-container\">\n\t\t\t\t\t\t\t\t\t<p>Hi ha diferents m\u00e8todes que utilitzem els p\u00e8rits per calcular la velocitat a qu\u00e8 circulava un vehicle quan es produeix un accident de tr\u00e0nsit, depenent del tipus de sinistre i de les dades disponibles. A m\u00e9s, quan la velocitat ha estat calculada pr\u00e8viament per un altre professional, siguin les Forces de Seguretat en un atestat o un altre p\u00e8rit en un informe contrari, \u00e9s important comprovar la correcci\u00f3 dels processos, ja que no \u00e9s poc freq\u00fcent la detecci\u00f3 d&#8217;errors als c\u00e0lculs i conceptes efectuats per un altre professional.<\/p>\n\t\t\t\t\t\t\t\t<\/div>\n\t\t\t\t<\/div>\n\t\t\t\t\t<\/div>\n\t\t<\/div>\n\t\t\t\t<div class=\"elementor-column elementor-col-50 elementor-inner-column elementor-element elementor-element-38f05a1\" data-id=\"38f05a1\" data-element_type=\"column\" data-e-type=\"column\" data-settings=\"{&quot;background_background&quot;:&quot;classic&quot;}\">\n\t\t\t<div class=\"elementor-widget-wrap elementor-element-populated\">\n\t\t\t\t\t\t<div class=\"elementor-element elementor-element-dc08322 elementor-widget elementor-widget-spacer\" data-id=\"dc08322\" data-element_type=\"widget\" data-e-type=\"widget\" data-widget_type=\"spacer.default\">\n\t\t\t\t<div class=\"elementor-widget-container\">\n\t\t\t\t\t\t\t<div class=\"elementor-spacer\">\n\t\t\t<div class=\"elementor-spacer-inner\"><\/div>\n\t\t<\/div>\n\t\t\t\t\t\t<\/div>\n\t\t\t\t<\/div>\n\t\t\t\t\t<\/div>\n\t\t<\/div>\n\t\t\t\t\t<\/div>\n\t\t<\/section>\n\t\t\t\t\t<\/div>\n\t\t<\/div>\n\t\t\t\t\t<\/div>\n\t\t<\/section>\n\t\t\t\t<section class=\"elementor-section elementor-top-section elementor-element elementor-element-918ebb5 elementor-section-height-min-height elementor-section-boxed elementor-section-height-default elementor-section-items-middle\" data-id=\"918ebb5\" data-element_type=\"section\" data-e-type=\"section\" data-settings=\"{&quot;background_background&quot;:&quot;classic&quot;}\">\n\t\t\t\t\t\t\t<div class=\"elementor-background-overlay\"><\/div>\n\t\t\t\t\t\t\t<div class=\"elementor-container elementor-column-gap-default\">\n\t\t\t\t\t<div class=\"elementor-column elementor-col-100 elementor-top-column elementor-element elementor-element-bda7a20 elementor-invisible\" data-id=\"bda7a20\" data-element_type=\"column\" data-e-type=\"column\" data-settings=\"{&quot;animation&quot;:&quot;slideInLeft&quot;}\">\n\t\t\t<div class=\"elementor-widget-wrap elementor-element-populated\">\n\t\t\t\t\t\t<section class=\"elementor-section elementor-inner-section elementor-element elementor-element-8d2dc37 elementor-section-boxed elementor-section-height-default elementor-section-height-default\" data-id=\"8d2dc37\" data-element_type=\"section\" data-e-type=\"section\">\n\t\t\t\t\t\t<div class=\"elementor-container elementor-column-gap-default\">\n\t\t\t\t\t<div class=\"elementor-column elementor-col-50 elementor-inner-column elementor-element elementor-element-6652bfa\" data-id=\"6652bfa\" data-element_type=\"column\" data-e-type=\"column\" data-settings=\"{&quot;background_background&quot;:&quot;classic&quot;}\">\n\t\t\t<div class=\"elementor-widget-wrap elementor-element-populated\">\n\t\t\t\t\t\t<div class=\"elementor-element elementor-element-dbbc078 elementor-widget elementor-widget-spacer\" data-id=\"dbbc078\" data-element_type=\"widget\" data-e-type=\"widget\" data-widget_type=\"spacer.default\">\n\t\t\t\t<div class=\"elementor-widget-container\">\n\t\t\t\t\t\t\t<div class=\"elementor-spacer\">\n\t\t\t<div class=\"elementor-spacer-inner\"><\/div>\n\t\t<\/div>\n\t\t\t\t\t\t<\/div>\n\t\t\t\t<\/div>\n\t\t\t\t\t<\/div>\n\t\t<\/div>\n\t\t\t\t<div class=\"elementor-column elementor-col-50 elementor-inner-column elementor-element elementor-element-1681ea4\" data-id=\"1681ea4\" data-element_type=\"column\" data-e-type=\"column\">\n\t\t\t<div class=\"elementor-widget-wrap elementor-element-populated\">\n\t\t\t\t\t\t<div class=\"elementor-element elementor-element-a13b807 elementor-widget elementor-widget-heading\" data-id=\"a13b807\" data-element_type=\"widget\" data-e-type=\"widget\" data-widget_type=\"heading.default\">\n\t\t\t\t<div class=\"elementor-widget-container\">\n\t\t\t\t\t<h2 class=\"elementor-heading-title elementor-size-default\">Com es calcula la velocitat?<\/h2>\t\t\t\t<\/div>\n\t\t\t\t<\/div>\n\t\t\t\t<div class=\"elementor-element elementor-element-3d4c051 elementor-widget-divider--view-line elementor-widget elementor-widget-divider\" data-id=\"3d4c051\" data-element_type=\"widget\" data-e-type=\"widget\" data-widget_type=\"divider.default\">\n\t\t\t\t<div class=\"elementor-widget-container\">\n\t\t\t\t\t\t\t<div class=\"elementor-divider\">\n\t\t\t<span class=\"elementor-divider-separator\">\n\t\t\t\t\t\t<\/span>\n\t\t<\/div>\n\t\t\t\t\t\t<\/div>\n\t\t\t\t<\/div>\n\t\t\t\t<div class=\"elementor-element elementor-element-c9d48ea elementor-widget elementor-widget-text-editor\" data-id=\"c9d48ea\" data-element_type=\"widget\" data-e-type=\"widget\" data-widget_type=\"text-editor.default\">\n\t\t\t\t<div class=\"elementor-widget-container\">\n\t\t\t\t\t\t\t\t\t<p>Depenent de les dades de qu\u00e8 disposis, podem obtenir la velocitat:<\/p>\n\t\t\t\t\t\t\t\t<\/div>\n\t\t\t\t<\/div>\n\t\t\t\t<div class=\"elementor-element elementor-element-bea4bba elementor-icon-list--layout-traditional elementor-list-item-link-full_width elementor-widget elementor-widget-icon-list\" data-id=\"bea4bba\" data-element_type=\"widget\" data-e-type=\"widget\" data-widget_type=\"icon-list.default\">\n\t\t\t\t<div class=\"elementor-widget-container\">\n\t\t\t\t\t\t\t<ul class=\"elementor-icon-list-items\">\n\t\t\t\t\t\t\t<li class=\"elementor-icon-list-item\">\n\t\t\t\t\t\t\t\t\t\t\t<span class=\"elementor-icon-list-icon\">\n\t\t\t\t\t\t\t<i aria-hidden=\"true\" class=\"fas fa-check\"><\/i>\t\t\t\t\t\t<\/span>\n\t\t\t\t\t\t\t\t\t\t<span class=\"elementor-icon-list-text\">A partir dels danys dels vehicles (energia de deformaci\u00f3) i el despla\u00e7ament despr\u00e9s de la col\u00b7lisi\u00f3 (posicions finals) <a href=\"https:\/\/reconstruccionaccidentestrafico.com\/ca\/principis-fisics-per-calcular-la-velocitat-en-un-accident-de-transit\/\">partint del principi de conservaci\u00f3 de l'energia.<\/a><\/span>\n\t\t\t\t\t\t\t\t\t<\/li>\n\t\t\t\t\t\t\t\t<li class=\"elementor-icon-list-item\">\n\t\t\t\t\t\t\t\t\t\t\t<span class=\"elementor-icon-list-icon\">\n\t\t\t\t\t\t\t<i aria-hidden=\"true\" class=\"fas fa-check\"><\/i>\t\t\t\t\t\t<\/span>\n\t\t\t\t\t\t\t\t\t\t<span class=\"elementor-icon-list-text\">A partir del tra\u00e7at de la via <a href=\"https:\/\/reconstruccionaccidentestrafico.com\/ca\/sortides-de-via-laccident-de-transit-mes-comu\/\">en determinades sortides de via.<\/a><\/span>\n\t\t\t\t\t\t\t\t\t<\/li>\n\t\t\t\t\t\t\t\t<li class=\"elementor-icon-list-item\">\n\t\t\t\t\t\t\t\t\t\t\t<span class=\"elementor-icon-list-icon\">\n\t\t\t\t\t\t\t<i aria-hidden=\"true\" class=\"fas fa-check\"><\/i>\t\t\t\t\t\t<\/span>\n\t\t\t\t\t\t\t\t\t\t<span class=\"elementor-icon-list-text\">Basant-nos en l'an\u00e0lisi <a href=\"https:\/\/reconstruccionaccidentestrafico.com\/ca\/pindoles-de-reconstruccio-daccidents-de-transit-ii-velocitat-de-circulacio-en-funcio-de-la-empremta-de-frenada\/\">d'empremtes de frenada o derrapament.<\/a><\/span>\n\t\t\t\t\t\t\t\t\t<\/li>\n\t\t\t\t\t\t\t\t<li class=\"elementor-icon-list-item\">\n\t\t\t\t\t\t\t\t\t\t\t<span class=\"elementor-icon-list-icon\">\n\t\t\t\t\t\t\t<i aria-hidden=\"true\" class=\"fas fa-check\"><\/i>\t\t\t\t\t\t<\/span>\n\t\t\t\t\t\t\t\t\t\t<span class=\"elementor-icon-list-text\">A partir de <a href=\"https:\/\/reconstruccionaccidentestrafico.com\/como-calcular-la-velocidad-de-un-vehiculo-a-partir-de-una-grabacion\/\">l'an\u00e0lisi de registres videogr\u00e0fics<\/a> de c\u00e0meres fixes o onboard usant programari especialitzat <a href=\"https:\/\/reconstruccionaccidentestrafico.com\/distribucion-de-software-de-reconstruccion\/\">(Analyzer pro).<\/a><\/span>\n\t\t\t\t\t\t\t\t\t<\/li>\n\t\t\t\t\t\t<\/ul>\n\t\t\t\t\t\t<\/div>\n\t\t\t\t<\/div>\n\t\t\t\t\t<\/div>\n\t\t<\/div>\n\t\t\t\t\t<\/div>\n\t\t<\/section>\n\t\t\t\t\t<\/div>\n\t\t<\/div>\n\t\t\t\t\t<\/div>\n\t\t<\/section>\n\t\t\t\t<section class=\"elementor-section elementor-top-section elementor-element elementor-element-0cf93f9 elementor-section-full_width elementor-section-height-default elementor-section-height-default\" data-id=\"0cf93f9\" data-element_type=\"section\" data-e-type=\"section\">\n\t\t\t\t\t\t<div class=\"elementor-container elementor-column-gap-default\">\n\t\t\t\t\t<div class=\"elementor-column elementor-col-100 elementor-top-column elementor-element elementor-element-1c5b678\" data-id=\"1c5b678\" data-element_type=\"column\" data-e-type=\"column\">\n\t\t\t<div class=\"elementor-widget-wrap elementor-element-populated\">\n\t\t\t\t\t\t<div class=\"elementor-element elementor-element-02d8f82 elementor-widget elementor-widget-template\" data-id=\"02d8f82\" data-element_type=\"widget\" data-e-type=\"widget\" data-widget_type=\"template.default\">\n\t\t\t\t<div class=\"elementor-widget-container\">\n\t\t\t\t\t\t\t<div class=\"elementor-template\">\n\t\t\t\t\t<div data-elementor-type=\"section\" data-elementor-id=\"19419\" class=\"elementor elementor-19419 elementor-17346 elementor-17346\" data-elementor-post-type=\"elementor_library\">\n\t\t\t\t\t<section class=\"elementor-section elementor-top-section elementor-element elementor-element-fb7ebb3 elementor-reverse-mobile elementor-section-boxed elementor-section-height-default elementor-section-height-default\" data-id=\"fb7ebb3\" data-element_type=\"section\" data-e-type=\"section\" data-settings=\"{&quot;background_background&quot;:&quot;classic&quot;}\">\n\t\t\t\t\t\t\t<div class=\"elementor-background-overlay\"><\/div>\n\t\t\t\t\t\t\t<div class=\"elementor-container elementor-column-gap-default\">\n\t\t\t\t\t<div class=\"elementor-column elementor-col-100 elementor-top-column elementor-element elementor-element-cbb9ea8\" data-id=\"cbb9ea8\" data-element_type=\"column\" data-e-type=\"column\">\n\t\t\t<div class=\"elementor-widget-wrap elementor-element-populated\">\n\t\t\t\t\t\t<section class=\"elementor-section elementor-inner-section elementor-element elementor-element-cd4fbc0 elementor-reverse-mobile elementor-section-boxed elementor-section-height-default elementor-section-height-default\" data-id=\"cd4fbc0\" data-element_type=\"section\" data-e-type=\"section\">\n\t\t\t\t\t\t<div class=\"elementor-container elementor-column-gap-default\">\n\t\t\t\t\t<div class=\"elementor-column elementor-col-50 elementor-inner-column elementor-element elementor-element-e18b33c\" data-id=\"e18b33c\" data-element_type=\"column\" data-e-type=\"column\" data-settings=\"{&quot;background_background&quot;:&quot;classic&quot;}\">\n\t\t\t<div class=\"elementor-widget-wrap elementor-element-populated\">\n\t\t\t\t\t\t<div class=\"elementor-element elementor-element-04edc01 elementor-widget elementor-widget-heading\" data-id=\"04edc01\" data-element_type=\"widget\" data-e-type=\"widget\" data-widget_type=\"heading.default\">\n\t\t\t\t<div class=\"elementor-widget-container\">\n\t\t\t\t\t<h2 class=\"elementor-heading-title elementor-size-default\">Necessites ajuda?<\/h2>\t\t\t\t<\/div>\n\t\t\t\t<\/div>\n\t\t\t\t<div class=\"elementor-element elementor-element-6d63231 elementor-widget elementor-widget-hubspot-form\" data-id=\"6d63231\" data-element_type=\"widget\" data-e-type=\"widget\" data-widget_type=\"hubspot-form.default\">\n\t\t\t\t<div class=\"elementor-widget-container\">\n\t\t\t\t\t\n\t\t\t\t\t\t<script>\n\t\t\t\t\t\t\twindow.hsFormsOnReady = window.hsFormsOnReady || [];\n\t\t\t\t\t\t\twindow.hsFormsOnReady.push(()=>{\n\t\t\t\t\t\t\t\thbspt.forms.create({\n\t\t\t\t\t\t\t\t\tportalId: 6821283,\n\t\t\t\t\t\t\t\t\tformId: \"2c0a8303-d3f7-4e74-b266-53ef2c6be828\",\n\t\t\t\t\t\t\t\t\ttarget: \"#hbspt-form-1776935674000-6262499721\",\n\t\t\t\t\t\t\t\t\tregion: \"na1\",\n\t\t\t\t\t\t\t\t\t\n\t\t\t\t\t\t\t})});\n\t\t\t\t\t\t<\/script>\n\t\t\t\t\t\t<div class=\"hbspt-form\" id=\"hbspt-form-1776935674000-6262499721\"><\/div>\t\t\t\t<\/div>\n\t\t\t\t<\/div>\n\t\t\t\t\t<\/div>\n\t\t<\/div>\n\t\t\t\t<div class=\"elementor-column elementor-col-50 elementor-inner-column elementor-element elementor-element-81efbed\" data-id=\"81efbed\" data-element_type=\"column\" data-e-type=\"column\">\n\t\t\t<div class=\"elementor-widget-wrap elementor-element-populated\">\n\t\t\t\t\t\t<div class=\"elementor-element elementor-element-2915d07 elementor-widget elementor-widget-heading\" data-id=\"2915d07\" data-element_type=\"widget\" data-e-type=\"widget\" data-widget_type=\"heading.default\">\n\t\t\t\t<div class=\"elementor-widget-container\">\n\t\t\t\t\t<p class=\"elementor-heading-title elementor-size-default\">DEIXA QUE T'AJUDEM!<\/p>\t\t\t\t<\/div>\n\t\t\t\t<\/div>\n\t\t\t\t<div class=\"elementor-element elementor-element-727a59e elementor-widget elementor-widget-text-editor\" data-id=\"727a59e\" data-element_type=\"widget\" data-e-type=\"widget\" data-widget_type=\"text-editor.default\">\n\t\t\t\t<div class=\"elementor-widget-container\">\n\t\t\t\t\t\t\t\t\t<p>Demana un estudi de viabilitat estimatiu gratu\u00eft per saber si la reconstrucci\u00f3 seria favorable als teus interessos<\/p>\n\t\t\t\t\t\t\t\t<\/div>\n\t\t\t\t<\/div>\n\t\t\t\t\t<\/div>\n\t\t<\/div>\n\t\t\t\t\t<\/div>\n\t\t<\/section>\n\t\t\t\t\t<\/div>\n\t\t<\/div>\n\t\t\t\t\t<\/div>\n\t\t<\/section>\n\t\t\t\t<\/div>\n\t\t\t\t<\/div>\n\t\t\t\t\t\t<\/div>\n\t\t\t\t<\/div>\n\t\t\t\t\t<\/div>\n\t\t<\/div>\n\t\t\t\t\t<\/div>\n\t\t<\/section>\n\t\t\t\t<\/div>\n\t\t","protected":false},"excerpt":{"rendered":"<p>C\u00e0lcul de velocitat C\u00e0lcul de la velocitat Hi ha diferents m\u00e8todes que utilitzem els p\u00e8rits per calcular la velocitat a qu\u00e8 circulava un vehicle quan es produeix un accident de tr\u00e0nsit, depenent del tipus de sinistre i de les dades disponibles. A m\u00e9s, quan la velocitat ha estat calculada pr\u00e8viament per un altre professional, siguin [&hellip;]<\/p>\n","protected":false},"author":3,"featured_media":0,"parent":0,"menu_order":0,"comment_status":"closed","ping_status":"closed","template":"","meta":{"_acf_changed":false,"content-type":"","inline_featured_image":false,"_joinchat":[],"footnotes":""},"tags":[],"class_list":["post-19295","page","type-page","status-publish","hentry"],"acf":[],"yoast_head":"<!-- This site is optimized with the Yoast SEO plugin v25.6 - https:\/\/yoast.com\/wordpress\/plugins\/seo\/ -->\n<title>\u25b7C\u00e0lcul de velocitat - \u3010 Perito de Accidentes de Tr\u00e1fico en Barcelona | Investigaci\u00f3n y Reconstrucci\u00f3n \u3011<\/title>\n<meta name=\"description\" content=\"C\u00e0lcul de velocitat C\u00e0lcul de la velocitat Hi ha diferents m\u00e8todes que utilitzem els p\u00e8rits per calcular la velocitat a qu\u00e8 circulava un vehicle quan es \u2713\" \/>\n<meta name=\"robots\" content=\"index, follow, max-snippet:-1, max-image-preview:large, max-video-preview:-1\" \/>\n<link rel=\"canonical\" href=\"https:\/\/reconstruccionaccidentestrafico.com\/ca\/calcul-de-velocitat\/\" \/>\n<meta property=\"og:locale\" content=\"ca_ES\" \/>\n<meta property=\"og:type\" content=\"article\" \/>\n<meta property=\"og:title\" content=\"\u25b7C\u00e0lcul de velocitat - \u3010 Perito de Accidentes de Tr\u00e1fico en Barcelona | Investigaci\u00f3n y Reconstrucci\u00f3n \u3011\" \/>\n<meta property=\"og:description\" content=\"C\u00e0lcul de velocitat C\u00e0lcul de la velocitat Hi ha diferents m\u00e8todes que utilitzem els p\u00e8rits per calcular la velocitat a qu\u00e8 circulava un vehicle quan es \u2713\" \/>\n<meta property=\"og:url\" content=\"https:\/\/reconstruccionaccidentestrafico.com\/ca\/calcul-de-velocitat\/\" \/>\n<meta property=\"og:site_name\" content=\"Perito de Accidentes de Tr\u00e1fico en Barcelona | Investigaci\u00f3n y Reconstrucci\u00f3n\" \/>\n<meta property=\"article:modified_time\" content=\"2024-08-06T04:20:26+00:00\" \/>\n<meta name=\"twitter:card\" content=\"summary_large_image\" \/>\n<meta name=\"twitter:label1\" content=\"Temps estimat de lectura\" \/>\n\t<meta name=\"twitter:data1\" content=\"2 minuts\" \/>\n<script type=\"application\/ld+json\" class=\"yoast-schema-graph\">{\"@context\":\"https:\/\/schema.org\",\"@graph\":[{\"@type\":\"WebPage\",\"@id\":\"https:\/\/reconstruccionaccidentestrafico.com\/ca\/calcul-de-velocitat\/\",\"url\":\"https:\/\/reconstruccionaccidentestrafico.com\/ca\/calcul-de-velocitat\/\",\"name\":\"\u25b7C\u00e0lcul de velocitat - \u3010 Perito de Accidentes de Tr\u00e1fico en Barcelona | Investigaci\u00f3n y Reconstrucci\u00f3n \u3011\",\"isPartOf\":{\"@id\":\"https:\/\/reconstruccionaccidentestrafico.com\/#website\"},\"datePublished\":\"2024-06-05T07:36:59+00:00\",\"dateModified\":\"2024-08-06T04:20:26+00:00\",\"description\":\"C\u00e0lcul de velocitat C\u00e0lcul de la velocitat Hi ha diferents m\u00e8todes que utilitzem els p\u00e8rits per calcular la velocitat a qu\u00e8 circulava un vehicle quan es \u2713\",\"breadcrumb\":{\"@id\":\"https:\/\/reconstruccionaccidentestrafico.com\/ca\/calcul-de-velocitat\/#breadcrumb\"},\"inLanguage\":\"ca\",\"potentialAction\":[{\"@type\":\"ReadAction\",\"target\":[\"https:\/\/reconstruccionaccidentestrafico.com\/ca\/calcul-de-velocitat\/\"]}]},{\"@type\":\"BreadcrumbList\",\"@id\":\"https:\/\/reconstruccionaccidentestrafico.com\/ca\/calcul-de-velocitat\/#breadcrumb\",\"itemListElement\":[{\"@type\":\"ListItem\",\"position\":1,\"name\":\"Portada\",\"item\":\"https:\/\/reconstruccionaccidentestrafico.com\/\"},{\"@type\":\"ListItem\",\"position\":2,\"name\":\"C\u00e0lcul de velocitat\"}]},{\"@type\":\"WebSite\",\"@id\":\"https:\/\/reconstruccionaccidentestrafico.com\/#website\",\"url\":\"https:\/\/reconstruccionaccidentestrafico.com\/\",\"name\":\"Perito de Accidentes de Tr\u00e1fico en Barcelona | Investigaci\u00f3n y Reconstrucci\u00f3n\",\"description\":\"Just another WordPress site\",\"potentialAction\":[{\"@type\":\"SearchAction\",\"target\":{\"@type\":\"EntryPoint\",\"urlTemplate\":\"https:\/\/reconstruccionaccidentestrafico.com\/?s={search_term_string}\"},\"query-input\":{\"@type\":\"PropertyValueSpecification\",\"valueRequired\":true,\"valueName\":\"search_term_string\"}}],\"inLanguage\":\"ca\"}]}<\/script>\n<!-- \/ Yoast SEO plugin. -->","yoast_head_json":{"title":"\u25b7C\u00e0lcul de velocitat - \u3010 Perito de Accidentes de Tr\u00e1fico en Barcelona | Investigaci\u00f3n y Reconstrucci\u00f3n \u3011","description":"C\u00e0lcul de velocitat C\u00e0lcul de la velocitat Hi ha diferents m\u00e8todes que utilitzem els p\u00e8rits per calcular la velocitat a qu\u00e8 circulava un vehicle quan es \u2713","robots":{"index":"index","follow":"follow","max-snippet":"max-snippet:-1","max-image-preview":"max-image-preview:large","max-video-preview":"max-video-preview:-1"},"canonical":"https:\/\/reconstruccionaccidentestrafico.com\/ca\/calcul-de-velocitat\/","og_locale":"ca_ES","og_type":"article","og_title":"\u25b7C\u00e0lcul de velocitat - \u3010 Perito de Accidentes de Tr\u00e1fico en Barcelona | Investigaci\u00f3n y Reconstrucci\u00f3n \u3011","og_description":"C\u00e0lcul de velocitat C\u00e0lcul de la velocitat Hi ha diferents m\u00e8todes que utilitzem els p\u00e8rits per calcular la velocitat a qu\u00e8 circulava un vehicle quan es \u2713","og_url":"https:\/\/reconstruccionaccidentestrafico.com\/ca\/calcul-de-velocitat\/","og_site_name":"Perito de Accidentes de Tr\u00e1fico en Barcelona | Investigaci\u00f3n y Reconstrucci\u00f3n","article_modified_time":"2024-08-06T04:20:26+00:00","twitter_card":"summary_large_image","twitter_misc":{"Temps estimat de lectura":"2 minuts"},"schema":{"@context":"https:\/\/schema.org","@graph":[{"@type":"WebPage","@id":"https:\/\/reconstruccionaccidentestrafico.com\/ca\/calcul-de-velocitat\/","url":"https:\/\/reconstruccionaccidentestrafico.com\/ca\/calcul-de-velocitat\/","name":"\u25b7C\u00e0lcul de velocitat - \u3010 Perito de Accidentes de Tr\u00e1fico en Barcelona | Investigaci\u00f3n y Reconstrucci\u00f3n \u3011","isPartOf":{"@id":"https:\/\/reconstruccionaccidentestrafico.com\/#website"},"datePublished":"2024-06-05T07:36:59+00:00","dateModified":"2024-08-06T04:20:26+00:00","description":"C\u00e0lcul de velocitat C\u00e0lcul de la velocitat Hi ha diferents m\u00e8todes que utilitzem els p\u00e8rits per calcular la velocitat a qu\u00e8 circulava un vehicle quan es \u2713","breadcrumb":{"@id":"https:\/\/reconstruccionaccidentestrafico.com\/ca\/calcul-de-velocitat\/#breadcrumb"},"inLanguage":"ca","potentialAction":[{"@type":"ReadAction","target":["https:\/\/reconstruccionaccidentestrafico.com\/ca\/calcul-de-velocitat\/"]}]},{"@type":"BreadcrumbList","@id":"https:\/\/reconstruccionaccidentestrafico.com\/ca\/calcul-de-velocitat\/#breadcrumb","itemListElement":[{"@type":"ListItem","position":1,"name":"Portada","item":"https:\/\/reconstruccionaccidentestrafico.com\/"},{"@type":"ListItem","position":2,"name":"C\u00e0lcul de velocitat"}]},{"@type":"WebSite","@id":"https:\/\/reconstruccionaccidentestrafico.com\/#website","url":"https:\/\/reconstruccionaccidentestrafico.com\/","name":"Perito de Accidentes de Tr\u00e1fico en Barcelona | Investigaci\u00f3n y Reconstrucci\u00f3n","description":"Just another WordPress site","potentialAction":[{"@type":"SearchAction","target":{"@type":"EntryPoint","urlTemplate":"https:\/\/reconstruccionaccidentestrafico.com\/?s={search_term_string}"},"query-input":{"@type":"PropertyValueSpecification","valueRequired":true,"valueName":"search_term_string"}}],"inLanguage":"ca"}]}},"_links":{"self":[{"href":"https:\/\/reconstruccionaccidentestrafico.com\/ca\/wp-json\/wp\/v2\/pages\/19295"}],"collection":[{"href":"https:\/\/reconstruccionaccidentestrafico.com\/ca\/wp-json\/wp\/v2\/pages"}],"about":[{"href":"https:\/\/reconstruccionaccidentestrafico.com\/ca\/wp-json\/wp\/v2\/types\/page"}],"author":[{"embeddable":true,"href":"https:\/\/reconstruccionaccidentestrafico.com\/ca\/wp-json\/wp\/v2\/users\/3"}],"replies":[{"embeddable":true,"href":"https:\/\/reconstruccionaccidentestrafico.com\/ca\/wp-json\/wp\/v2\/comments?post=19295"}],"version-history":[{"count":0,"href":"https:\/\/reconstruccionaccidentestrafico.com\/ca\/wp-json\/wp\/v2\/pages\/19295\/revisions"}],"wp:attachment":[{"href":"https:\/\/reconstruccionaccidentestrafico.com\/ca\/wp-json\/wp\/v2\/media?parent=19295"}],"wp:term":[{"taxonomy":"post_tag","embeddable":true,"href":"https:\/\/reconstruccionaccidentestrafico.com\/ca\/wp-json\/wp\/v2\/tags?post=19295"}],"curies":[{"name":"wp","href":"https:\/\/api.w.org\/{rel}","templated":true}]}}